{"id":2444,"date":"2025-01-22T11:49:56","date_gmt":"2025-01-22T08:49:56","guid":{"rendered":"https:\/\/felipsotomotiv.com\/?post_type=product&#038;p=2444"},"modified":"2025-01-22T13:51:43","modified_gmt":"2025-01-22T10:51:43","slug":"fpsc829-scania-ng-sc-s-r-icin-yan-led-kapagi-super","status":"publish","type":"product","link":"https:\/\/felipsotomotiv.com\/index.php\/urun\/fpsc829-scania-ng-sc-s-r-icin-yan-led-kapagi-super\/","title":{"rendered":"FPSC829 SCANIA NG SC S\/R \u0130\u00c7\u0130N YAN LED KAPA\u011eI (SUPER)"},"content":{"rendered":"","protected":false},"excerpt":{"rendered":"","protected":false},"featured_media":2445,"comment_status":"open","ping_status":"closed","template":"","meta":[],"product_cat":[41,47],"product_tag":[],"class_list":["post-2444","product","type-product","status-publish","has-post-thumbnail","hentry","product_cat-plastik","product_cat-yeni-urun"],"_links":{"self":[{"href":"https:\/\/felipsotomotiv.com\/index.php\/wp-json\/wp\/v3\/product\/2444","targetHints":{"allow":["GET"]}}],"collection":[{"href":"https:\/\/felipsotomotiv.com\/index.php\/wp-json\/wp\/v3\/product"}],"about":[{"href":"https:\/\/felipsotomotiv.com\/index.php\/wp-json\/wp\/v2\/types\/product"}],"replies":[{"embeddable":true,"href":"https:\/\/felipsotomotiv.com\/index.php\/wp-json\/wp\/v2\/comments?post=2444"}],"wp:featuredmedia":[{"embeddable":true,"href":"https:\/\/felipsotomotiv.com\/index.php\/wp-json\/wp\/v2\/media\/2445"}],"wp:attachment":[{"href":"https:\/\/felipsotomotiv.com\/index.php\/wp-json\/wp\/v2\/media?parent=2444"}],"wp:term":[{"taxonomy":"product_cat","embeddable":true,"href":"https:\/\/felipsotomotiv.com\/index.php\/wp-json\/wp\/v2\/product_cat?post=2444"},{"taxonomy":"product_tag","embeddable":true,"href":"https:\/\/felipsotomotiv.com\/index.php\/wp-json\/wp\/v2\/product_tag?post=2444"}],"curies":[{"name":"wp","href":"https:\/\/api.w.org\/{rel}","templated":true}]}}