{"id":2452,"date":"2025-01-22T17:30:46","date_gmt":"2025-01-22T14:30:46","guid":{"rendered":"https:\/\/felipsotomotiv.com\/?post_type=product&#038;p=2452"},"modified":"2025-07-04T15:30:08","modified_gmt":"2025-07-04T12:30:08","slug":"fpsc828-scania-ng-sc-s-r-icin-yan-led-kapagi-logo","status":"publish","type":"product","link":"https:\/\/felipsotomotiv.com\/index.php\/urun\/fpsc828-scania-ng-sc-s-r-icin-yan-led-kapagi-logo\/","title":{"rendered":"FPSC828 SCANIA NG SC S\/R \u0130\u00c7\u0130N YAN LED KAPA\u011eI (LOGO)"},"content":{"rendered":"","protected":false},"excerpt":{"rendered":"","protected":false},"featured_media":2453,"comment_status":"open","ping_status":"closed","template":"","meta":[],"product_cat":[41],"product_tag":[],"class_list":["post-2452","product","type-product","status-publish","has-post-thumbnail","hentry","product_cat-plastik"],"_links":{"self":[{"href":"https:\/\/felipsotomotiv.com\/index.php\/wp-json\/wp\/v3\/product\/2452","targetHints":{"allow":["GET"]}}],"collection":[{"href":"https:\/\/felipsotomotiv.com\/index.php\/wp-json\/wp\/v3\/product"}],"about":[{"href":"https:\/\/felipsotomotiv.com\/index.php\/wp-json\/wp\/v2\/types\/product"}],"replies":[{"embeddable":true,"href":"https:\/\/felipsotomotiv.com\/index.php\/wp-json\/wp\/v2\/comments?post=2452"}],"wp:featuredmedia":[{"embeddable":true,"href":"https:\/\/felipsotomotiv.com\/index.php\/wp-json\/wp\/v2\/media\/2453"}],"wp:attachment":[{"href":"https:\/\/felipsotomotiv.com\/index.php\/wp-json\/wp\/v2\/media?parent=2452"}],"wp:term":[{"taxonomy":"product_cat","embeddable":true,"href":"https:\/\/felipsotomotiv.com\/index.php\/wp-json\/wp\/v2\/product_cat?post=2452"},{"taxonomy":"product_tag","embeddable":true,"href":"https:\/\/felipsotomotiv.com\/index.php\/wp-json\/wp\/v2\/product_tag?post=2452"}],"curies":[{"name":"wp","href":"https:\/\/api.w.org\/{rel}","templated":true}]}}