{"id":259,"date":"2024-04-21T02:22:24","date_gmt":"2024-04-20T23:22:24","guid":{"rendered":"http:\/\/felipsotomotiv.com\/?post_type=product&#038;p=259"},"modified":"2024-07-16T10:20:26","modified_gmt":"2024-07-16T07:20:26","slug":"kabin-ruzgarlik-kromu-fdf174","status":"publish","type":"product","link":"https:\/\/felipsotomotiv.com\/index.php\/urun\/kabin-ruzgarlik-kromu-fdf174\/","title":{"rendered":"FDF174 DAF \u0130\u00c7\u0130N  KAB\u0130N R\u00dcZGARLIK KROMU XF\/XG\/XG+ 2021+"},"content":{"rendered":"","protected":false},"excerpt":{"rendered":"<p>XG<\/p>\n","protected":false},"featured_media":1915,"comment_status":"open","ping_status":"closed","template":"","meta":[],"product_cat":[30],"product_tag":[],"class_list":["post-259","product","type-product","status-publish","has-post-thumbnail","hentry","product_cat-xf-xg-xg-2021"],"_links":{"self":[{"href":"https:\/\/felipsotomotiv.com\/index.php\/wp-json\/wp\/v3\/product\/259","targetHints":{"allow":["GET"]}}],"collection":[{"href":"https:\/\/felipsotomotiv.com\/index.php\/wp-json\/wp\/v3\/product"}],"about":[{"href":"https:\/\/felipsotomotiv.com\/index.php\/wp-json\/wp\/v2\/types\/product"}],"replies":[{"embeddable":true,"href":"https:\/\/felipsotomotiv.com\/index.php\/wp-json\/wp\/v2\/comments?post=259"}],"wp:featuredmedia":[{"embeddable":true,"href":"https:\/\/felipsotomotiv.com\/index.php\/wp-json\/wp\/v2\/media\/1915"}],"wp:attachment":[{"href":"https:\/\/felipsotomotiv.com\/index.php\/wp-json\/wp\/v2\/media?parent=259"}],"wp:term":[{"taxonomy":"product_cat","embeddable":true,"href":"https:\/\/felipsotomotiv.com\/index.php\/wp-json\/wp\/v2\/product_cat?post=259"},{"taxonomy":"product_tag","embeddable":true,"href":"https:\/\/felipsotomotiv.com\/index.php\/wp-json\/wp\/v2\/product_tag?post=259"}],"curies":[{"name":"wp","href":"https:\/\/api.w.org\/{rel}","templated":true}]}}