{"id":267,"date":"2024-04-21T02:23:47","date_gmt":"2024-04-20T23:23:47","guid":{"rendered":"http:\/\/felipsotomotiv.com\/?post_type=product&#038;p=267"},"modified":"2024-07-16T12:49:42","modified_gmt":"2024-07-16T09:49:42","slug":"kapi-kolu-onu-kromu-t2-fdf176","status":"publish","type":"product","link":"https:\/\/felipsotomotiv.com\/index.php\/urun\/kapi-kolu-onu-kromu-t2-fdf176\/","title":{"rendered":"FDF176 DAF \u0130\u00c7\u0130N KAPI KOLU \u00d6N\u00dc KROMU T2 XF\/XG\/XG+ 2021+"},"content":{"rendered":"","protected":false},"excerpt":{"rendered":"<p>XG<\/p>\n","protected":false},"featured_media":1917,"comment_status":"open","ping_status":"closed","template":"","meta":[],"product_cat":[30],"product_tag":[],"class_list":["post-267","product","type-product","status-publish","has-post-thumbnail","hentry","product_cat-xf-xg-xg-2021"],"_links":{"self":[{"href":"https:\/\/felipsotomotiv.com\/index.php\/wp-json\/wp\/v3\/product\/267","targetHints":{"allow":["GET"]}}],"collection":[{"href":"https:\/\/felipsotomotiv.com\/index.php\/wp-json\/wp\/v3\/product"}],"about":[{"href":"https:\/\/felipsotomotiv.com\/index.php\/wp-json\/wp\/v2\/types\/product"}],"replies":[{"embeddable":true,"href":"https:\/\/felipsotomotiv.com\/index.php\/wp-json\/wp\/v2\/comments?post=267"}],"wp:featuredmedia":[{"embeddable":true,"href":"https:\/\/felipsotomotiv.com\/index.php\/wp-json\/wp\/v2\/media\/1917"}],"wp:attachment":[{"href":"https:\/\/felipsotomotiv.com\/index.php\/wp-json\/wp\/v2\/media?parent=267"}],"wp:term":[{"taxonomy":"product_cat","embeddable":true,"href":"https:\/\/felipsotomotiv.com\/index.php\/wp-json\/wp\/v2\/product_cat?post=267"},{"taxonomy":"product_tag","embeddable":true,"href":"https:\/\/felipsotomotiv.com\/index.php\/wp-json\/wp\/v2\/product_tag?post=267"}],"curies":[{"name":"wp","href":"https:\/\/api.w.org\/{rel}","templated":true}]}}