{"id":269,"date":"2024-04-21T02:24:22","date_gmt":"2024-04-20T23:24:22","guid":{"rendered":"http:\/\/felipsotomotiv.com\/?post_type=product&#038;p=269"},"modified":"2024-07-16T12:49:39","modified_gmt":"2024-07-16T09:49:39","slug":"kabin-citasi-fdf177","status":"publish","type":"product","link":"https:\/\/felipsotomotiv.com\/index.php\/urun\/kabin-citasi-fdf177\/","title":{"rendered":"FDF177 DAF \u0130\u00c7\u0130N KAB\u0130N \u00c7ITASI (PRESL\u0130) XF\/XG\/XG+ 2021+"},"content":{"rendered":"","protected":false},"excerpt":{"rendered":"<p>XG<\/p>\n","protected":false},"featured_media":1918,"comment_status":"open","ping_status":"closed","template":"","meta":[],"product_cat":[30],"product_tag":[],"class_list":["post-269","product","type-product","status-publish","has-post-thumbnail","hentry","product_cat-xf-xg-xg-2021"],"_links":{"self":[{"href":"https:\/\/felipsotomotiv.com\/index.php\/wp-json\/wp\/v3\/product\/269","targetHints":{"allow":["GET"]}}],"collection":[{"href":"https:\/\/felipsotomotiv.com\/index.php\/wp-json\/wp\/v3\/product"}],"about":[{"href":"https:\/\/felipsotomotiv.com\/index.php\/wp-json\/wp\/v2\/types\/product"}],"replies":[{"embeddable":true,"href":"https:\/\/felipsotomotiv.com\/index.php\/wp-json\/wp\/v2\/comments?post=269"}],"wp:featuredmedia":[{"embeddable":true,"href":"https:\/\/felipsotomotiv.com\/index.php\/wp-json\/wp\/v2\/media\/1918"}],"wp:attachment":[{"href":"https:\/\/felipsotomotiv.com\/index.php\/wp-json\/wp\/v2\/media?parent=269"}],"wp:term":[{"taxonomy":"product_cat","embeddable":true,"href":"https:\/\/felipsotomotiv.com\/index.php\/wp-json\/wp\/v2\/product_cat?post=269"},{"taxonomy":"product_tag","embeddable":true,"href":"https:\/\/felipsotomotiv.com\/index.php\/wp-json\/wp\/v2\/product_tag?post=269"}],"curies":[{"name":"wp","href":"https:\/\/api.w.org\/{rel}","templated":true}]}}