{"id":270,"date":"2024-04-21T02:24:38","date_gmt":"2024-04-20T23:24:38","guid":{"rendered":"http:\/\/felipsotomotiv.com\/?post_type=product&#038;p=270"},"modified":"2024-07-05T13:57:26","modified_gmt":"2024-07-05T10:57:26","slug":"peron-aynali-cam-citasi-fax124","status":"publish","type":"product","link":"https:\/\/felipsotomotiv.com\/index.php\/urun\/peron-aynali-cam-citasi-fax124\/","title":{"rendered":"FAX124 MERCEDES-BENZ \u0130\u00c7\u0130N PERON AYNALI CAM \u00c7ITASI AXOR"},"content":{"rendered":"","protected":false},"excerpt":{"rendered":"","protected":false},"featured_media":1695,"comment_status":"open","ping_status":"closed","template":"","meta":[],"product_cat":[23],"product_tag":[],"class_list":["post-270","product","type-product","status-publish","has-post-thumbnail","hentry","product_cat-axor"],"_links":{"self":[{"href":"https:\/\/felipsotomotiv.com\/index.php\/wp-json\/wp\/v3\/product\/270","targetHints":{"allow":["GET"]}}],"collection":[{"href":"https:\/\/felipsotomotiv.com\/index.php\/wp-json\/wp\/v3\/product"}],"about":[{"href":"https:\/\/felipsotomotiv.com\/index.php\/wp-json\/wp\/v2\/types\/product"}],"replies":[{"embeddable":true,"href":"https:\/\/felipsotomotiv.com\/index.php\/wp-json\/wp\/v2\/comments?post=270"}],"wp:featuredmedia":[{"embeddable":true,"href":"https:\/\/felipsotomotiv.com\/index.php\/wp-json\/wp\/v2\/media\/1695"}],"wp:attachment":[{"href":"https:\/\/felipsotomotiv.com\/index.php\/wp-json\/wp\/v2\/media?parent=270"}],"wp:term":[{"taxonomy":"product_cat","embeddable":true,"href":"https:\/\/felipsotomotiv.com\/index.php\/wp-json\/wp\/v2\/product_cat?post=270"},{"taxonomy":"product_tag","embeddable":true,"href":"https:\/\/felipsotomotiv.com\/index.php\/wp-json\/wp\/v2\/product_tag?post=270"}],"curies":[{"name":"wp","href":"https:\/\/api.w.org\/{rel}","templated":true}]}}