{"id":272,"date":"2024-04-21T02:25:00","date_gmt":"2024-04-20T23:25:00","guid":{"rendered":"http:\/\/felipsotomotiv.com\/?post_type=product&#038;p=272"},"modified":"2024-07-16T12:49:37","modified_gmt":"2024-07-16T09:49:37","slug":"yatak-cami-etrafi-fdf178","status":"publish","type":"product","link":"https:\/\/felipsotomotiv.com\/index.php\/urun\/yatak-cami-etrafi-fdf178\/","title":{"rendered":"FDF178 DAF \u0130\u00c7\u0130N YATAK CAMI ETRAFI (PRESL\u0130) XF\/XG\/XG+ 2021+"},"content":{"rendered":"","protected":false},"excerpt":{"rendered":"<p>XG<\/p>\n","protected":false},"featured_media":1919,"comment_status":"open","ping_status":"closed","template":"","meta":[],"product_cat":[30],"product_tag":[],"class_list":["post-272","product","type-product","status-publish","has-post-thumbnail","hentry","product_cat-xf-xg-xg-2021"],"_links":{"self":[{"href":"https:\/\/felipsotomotiv.com\/index.php\/wp-json\/wp\/v3\/product\/272","targetHints":{"allow":["GET"]}}],"collection":[{"href":"https:\/\/felipsotomotiv.com\/index.php\/wp-json\/wp\/v3\/product"}],"about":[{"href":"https:\/\/felipsotomotiv.com\/index.php\/wp-json\/wp\/v2\/types\/product"}],"replies":[{"embeddable":true,"href":"https:\/\/felipsotomotiv.com\/index.php\/wp-json\/wp\/v2\/comments?post=272"}],"wp:featuredmedia":[{"embeddable":true,"href":"https:\/\/felipsotomotiv.com\/index.php\/wp-json\/wp\/v2\/media\/1919"}],"wp:attachment":[{"href":"https:\/\/felipsotomotiv.com\/index.php\/wp-json\/wp\/v2\/media?parent=272"}],"wp:term":[{"taxonomy":"product_cat","embeddable":true,"href":"https:\/\/felipsotomotiv.com\/index.php\/wp-json\/wp\/v2\/product_cat?post=272"},{"taxonomy":"product_tag","embeddable":true,"href":"https:\/\/felipsotomotiv.com\/index.php\/wp-json\/wp\/v2\/product_tag?post=272"}],"curies":[{"name":"wp","href":"https:\/\/api.w.org\/{rel}","templated":true}]}}