{"id":287,"date":"2024-04-21T02:27:33","date_gmt":"2024-04-20T23:27:33","guid":{"rendered":"http:\/\/felipsotomotiv.com\/?post_type=product&#038;p=287"},"modified":"2024-07-05T14:03:31","modified_gmt":"2024-07-05T11:03:31","slug":"basamak-ici-kromu-fax127","status":"publish","type":"product","link":"https:\/\/felipsotomotiv.com\/index.php\/urun\/basamak-ici-kromu-fax127\/","title":{"rendered":"FAX127 MERCEDES-BENZ \u0130\u00c7\u0130N BASAMAK \u0130\u00c7\u0130 KROMU AXOR"},"content":{"rendered":"","protected":false},"excerpt":{"rendered":"","protected":false},"featured_media":1700,"comment_status":"open","ping_status":"closed","template":"","meta":[],"product_cat":[23],"product_tag":[],"class_list":["post-287","product","type-product","status-publish","has-post-thumbnail","hentry","product_cat-axor"],"_links":{"self":[{"href":"https:\/\/felipsotomotiv.com\/index.php\/wp-json\/wp\/v3\/product\/287","targetHints":{"allow":["GET"]}}],"collection":[{"href":"https:\/\/felipsotomotiv.com\/index.php\/wp-json\/wp\/v3\/product"}],"about":[{"href":"https:\/\/felipsotomotiv.com\/index.php\/wp-json\/wp\/v2\/types\/product"}],"replies":[{"embeddable":true,"href":"https:\/\/felipsotomotiv.com\/index.php\/wp-json\/wp\/v2\/comments?post=287"}],"wp:featuredmedia":[{"embeddable":true,"href":"https:\/\/felipsotomotiv.com\/index.php\/wp-json\/wp\/v2\/media\/1700"}],"wp:attachment":[{"href":"https:\/\/felipsotomotiv.com\/index.php\/wp-json\/wp\/v2\/media?parent=287"}],"wp:term":[{"taxonomy":"product_cat","embeddable":true,"href":"https:\/\/felipsotomotiv.com\/index.php\/wp-json\/wp\/v2\/product_cat?post=287"},{"taxonomy":"product_tag","embeddable":true,"href":"https:\/\/felipsotomotiv.com\/index.php\/wp-json\/wp\/v2\/product_tag?post=287"}],"curies":[{"name":"wp","href":"https:\/\/api.w.org\/{rel}","templated":true}]}}