{"id":320,"date":"2024-04-21T02:49:44","date_gmt":"2024-04-20T23:49:44","guid":{"rendered":"http:\/\/felipsotomotiv.com\/?post_type=product&#038;p=320"},"modified":"2024-07-16T13:11:09","modified_gmt":"2024-07-16T10:11:09","slug":"guneslik-kromu-fre101","status":"publish","type":"product","link":"https:\/\/felipsotomotiv.com\/index.php\/urun\/guneslik-kromu-fre101\/","title":{"rendered":"FRE101 RENAULT \u0130\u00c7\u0130N G\u00dcNE\u015eL\u0130K KROMU T MODELS"},"content":{"rendered":"","protected":false},"excerpt":{"rendered":"<p>T MODELS<\/p>\n","protected":false},"featured_media":1925,"comment_status":"open","ping_status":"closed","template":"","meta":[],"product_cat":[32],"product_tag":[],"class_list":["post-320","product","type-product","status-publish","has-post-thumbnail","hentry","product_cat-t-models"],"_links":{"self":[{"href":"https:\/\/felipsotomotiv.com\/index.php\/wp-json\/wp\/v3\/product\/320","targetHints":{"allow":["GET"]}}],"collection":[{"href":"https:\/\/felipsotomotiv.com\/index.php\/wp-json\/wp\/v3\/product"}],"about":[{"href":"https:\/\/felipsotomotiv.com\/index.php\/wp-json\/wp\/v2\/types\/product"}],"replies":[{"embeddable":true,"href":"https:\/\/felipsotomotiv.com\/index.php\/wp-json\/wp\/v2\/comments?post=320"}],"wp:featuredmedia":[{"embeddable":true,"href":"https:\/\/felipsotomotiv.com\/index.php\/wp-json\/wp\/v2\/media\/1925"}],"wp:attachment":[{"href":"https:\/\/felipsotomotiv.com\/index.php\/wp-json\/wp\/v2\/media?parent=320"}],"wp:term":[{"taxonomy":"product_cat","embeddable":true,"href":"https:\/\/felipsotomotiv.com\/index.php\/wp-json\/wp\/v2\/product_cat?post=320"},{"taxonomy":"product_tag","embeddable":true,"href":"https:\/\/felipsotomotiv.com\/index.php\/wp-json\/wp\/v2\/product_tag?post=320"}],"curies":[{"name":"wp","href":"https:\/\/api.w.org\/{rel}","templated":true}]}}