{"id":335,"date":"2024-04-21T02:52:50","date_gmt":"2024-04-20T23:52:50","guid":{"rendered":"http:\/\/felipsotomotiv.com\/?post_type=product&#038;p=335"},"modified":"2024-07-16T13:11:15","modified_gmt":"2024-07-16T10:11:15","slug":"borulu-sineklik-kromu-fre104","status":"publish","type":"product","link":"https:\/\/felipsotomotiv.com\/index.php\/urun\/borulu-sineklik-kromu-fre104\/","title":{"rendered":"FRE104 RENAULT \u0130\u00c7\u0130N BORULU S\u0130NEKL\u0130K KROMU T MODELS"},"content":{"rendered":"","protected":false},"excerpt":{"rendered":"<p>T MODELS<\/p>\n","protected":false},"featured_media":1928,"comment_status":"open","ping_status":"closed","template":"","meta":[],"product_cat":[32],"product_tag":[],"class_list":["post-335","product","type-product","status-publish","has-post-thumbnail","hentry","product_cat-t-models"],"_links":{"self":[{"href":"https:\/\/felipsotomotiv.com\/index.php\/wp-json\/wp\/v3\/product\/335","targetHints":{"allow":["GET"]}}],"collection":[{"href":"https:\/\/felipsotomotiv.com\/index.php\/wp-json\/wp\/v3\/product"}],"about":[{"href":"https:\/\/felipsotomotiv.com\/index.php\/wp-json\/wp\/v2\/types\/product"}],"replies":[{"embeddable":true,"href":"https:\/\/felipsotomotiv.com\/index.php\/wp-json\/wp\/v2\/comments?post=335"}],"wp:featuredmedia":[{"embeddable":true,"href":"https:\/\/felipsotomotiv.com\/index.php\/wp-json\/wp\/v2\/media\/1928"}],"wp:attachment":[{"href":"https:\/\/felipsotomotiv.com\/index.php\/wp-json\/wp\/v2\/media?parent=335"}],"wp:term":[{"taxonomy":"product_cat","embeddable":true,"href":"https:\/\/felipsotomotiv.com\/index.php\/wp-json\/wp\/v2\/product_cat?post=335"},{"taxonomy":"product_tag","embeddable":true,"href":"https:\/\/felipsotomotiv.com\/index.php\/wp-json\/wp\/v2\/product_tag?post=335"}],"curies":[{"name":"wp","href":"https:\/\/api.w.org\/{rel}","templated":true}]}}