{"id":342,"date":"2024-04-21T02:54:01","date_gmt":"2024-04-20T23:54:01","guid":{"rendered":"http:\/\/felipsotomotiv.com\/?post_type=product&#038;p=342"},"modified":"2024-05-20T08:18:44","modified_gmt":"2024-05-20T05:18:44","slug":"basamak-ici-kromu-fme112","status":"publish","type":"product","link":"https:\/\/felipsotomotiv.com\/index.php\/urun\/basamak-ici-kromu-fme112\/","title":{"rendered":"FME112 MERCEDES-BENZ \u0130\u00c7\u0130N BASAMAK \u0130\u00c7\u0130 KROMU ACTROS MP2\/MP3"},"content":{"rendered":"","protected":false},"excerpt":{"rendered":"","protected":false},"featured_media":344,"comment_status":"open","ping_status":"closed","template":"","meta":[],"product_cat":[24],"product_tag":[],"class_list":["post-342","product","type-product","status-publish","has-post-thumbnail","hentry","product_cat-actros-mp2-mp3"],"_links":{"self":[{"href":"https:\/\/felipsotomotiv.com\/index.php\/wp-json\/wp\/v3\/product\/342","targetHints":{"allow":["GET"]}}],"collection":[{"href":"https:\/\/felipsotomotiv.com\/index.php\/wp-json\/wp\/v3\/product"}],"about":[{"href":"https:\/\/felipsotomotiv.com\/index.php\/wp-json\/wp\/v2\/types\/product"}],"replies":[{"embeddable":true,"href":"https:\/\/felipsotomotiv.com\/index.php\/wp-json\/wp\/v2\/comments?post=342"}],"wp:featuredmedia":[{"embeddable":true,"href":"https:\/\/felipsotomotiv.com\/index.php\/wp-json\/wp\/v2\/media\/344"}],"wp:attachment":[{"href":"https:\/\/felipsotomotiv.com\/index.php\/wp-json\/wp\/v2\/media?parent=342"}],"wp:term":[{"taxonomy":"product_cat","embeddable":true,"href":"https:\/\/felipsotomotiv.com\/index.php\/wp-json\/wp\/v2\/product_cat?post=342"},{"taxonomy":"product_tag","embeddable":true,"href":"https:\/\/felipsotomotiv.com\/index.php\/wp-json\/wp\/v2\/product_tag?post=342"}],"curies":[{"name":"wp","href":"https:\/\/api.w.org\/{rel}","templated":true}]}}