{"id":349,"date":"2024-04-21T02:55:26","date_gmt":"2024-04-20T23:55:26","guid":{"rendered":"http:\/\/felipsotomotiv.com\/?post_type=product&#038;p=349"},"modified":"2024-07-16T13:30:20","modified_gmt":"2024-07-16T10:30:20","slug":"far-teli-kromu-fre108","status":"publish","type":"product","link":"https:\/\/felipsotomotiv.com\/index.php\/urun\/far-teli-kromu-fre108\/","title":{"rendered":"FRE108 RENAULT \u0130\u00c7\u0130N FAR TELi KROMU PREMIUM MODELS"},"content":{"rendered":"","protected":false},"excerpt":{"rendered":"","protected":false},"featured_media":1932,"comment_status":"open","ping_status":"closed","template":"","meta":[],"product_cat":[31],"product_tag":[],"class_list":["post-349","product","type-product","status-publish","has-post-thumbnail","hentry","product_cat-premium-models"],"_links":{"self":[{"href":"https:\/\/felipsotomotiv.com\/index.php\/wp-json\/wp\/v3\/product\/349","targetHints":{"allow":["GET"]}}],"collection":[{"href":"https:\/\/felipsotomotiv.com\/index.php\/wp-json\/wp\/v3\/product"}],"about":[{"href":"https:\/\/felipsotomotiv.com\/index.php\/wp-json\/wp\/v2\/types\/product"}],"replies":[{"embeddable":true,"href":"https:\/\/felipsotomotiv.com\/index.php\/wp-json\/wp\/v2\/comments?post=349"}],"wp:featuredmedia":[{"embeddable":true,"href":"https:\/\/felipsotomotiv.com\/index.php\/wp-json\/wp\/v2\/media\/1932"}],"wp:attachment":[{"href":"https:\/\/felipsotomotiv.com\/index.php\/wp-json\/wp\/v2\/media?parent=349"}],"wp:term":[{"taxonomy":"product_cat","embeddable":true,"href":"https:\/\/felipsotomotiv.com\/index.php\/wp-json\/wp\/v2\/product_cat?post=349"},{"taxonomy":"product_tag","embeddable":true,"href":"https:\/\/felipsotomotiv.com\/index.php\/wp-json\/wp\/v2\/product_tag?post=349"}],"curies":[{"name":"wp","href":"https:\/\/api.w.org\/{rel}","templated":true}]}}