{"id":368,"date":"2024-04-21T03:00:11","date_gmt":"2024-04-21T00:00:11","guid":{"rendered":"http:\/\/felipsotomotiv.com\/?post_type=product&#038;p=368"},"modified":"2024-07-05T16:04:53","modified_gmt":"2024-07-05T13:04:53","slug":"logo-ici-kromu-fme119","status":"publish","type":"product","link":"https:\/\/felipsotomotiv.com\/index.php\/urun\/logo-ici-kromu-fme119\/","title":{"rendered":"FME119 MERCEDES-BENZ \u0130\u00c7\u0130N LOGO \u0130\u00c7\u0130 KROMU ACTROS MP2\/MP3"},"content":{"rendered":"","protected":false},"excerpt":{"rendered":"","protected":false},"featured_media":1723,"comment_status":"open","ping_status":"closed","template":"","meta":[],"product_cat":[24],"product_tag":[],"class_list":["post-368","product","type-product","status-publish","has-post-thumbnail","hentry","product_cat-actros-mp2-mp3"],"_links":{"self":[{"href":"https:\/\/felipsotomotiv.com\/index.php\/wp-json\/wp\/v3\/product\/368","targetHints":{"allow":["GET"]}}],"collection":[{"href":"https:\/\/felipsotomotiv.com\/index.php\/wp-json\/wp\/v3\/product"}],"about":[{"href":"https:\/\/felipsotomotiv.com\/index.php\/wp-json\/wp\/v2\/types\/product"}],"replies":[{"embeddable":true,"href":"https:\/\/felipsotomotiv.com\/index.php\/wp-json\/wp\/v2\/comments?post=368"}],"wp:featuredmedia":[{"embeddable":true,"href":"https:\/\/felipsotomotiv.com\/index.php\/wp-json\/wp\/v2\/media\/1723"}],"wp:attachment":[{"href":"https:\/\/felipsotomotiv.com\/index.php\/wp-json\/wp\/v2\/media?parent=368"}],"wp:term":[{"taxonomy":"product_cat","embeddable":true,"href":"https:\/\/felipsotomotiv.com\/index.php\/wp-json\/wp\/v2\/product_cat?post=368"},{"taxonomy":"product_tag","embeddable":true,"href":"https:\/\/felipsotomotiv.com\/index.php\/wp-json\/wp\/v2\/product_tag?post=368"}],"curies":[{"name":"wp","href":"https:\/\/api.w.org\/{rel}","templated":true}]}}