{"id":375,"date":"2024-04-21T03:02:03","date_gmt":"2024-04-21T00:02:03","guid":{"rendered":"http:\/\/felipsotomotiv.com\/?post_type=product&#038;p=375"},"modified":"2024-07-05T16:14:59","modified_gmt":"2024-07-05T13:14:59","slug":"kapi-seridi-kromu-fme121","status":"publish","type":"product","link":"https:\/\/felipsotomotiv.com\/index.php\/urun\/kapi-seridi-kromu-fme121\/","title":{"rendered":"FME121 MERCEDES-BENZ \u0130\u00c7\u0130N KAPI SER\u0130D\u0130 KROMU ACTROS MP2\/MP3"},"content":{"rendered":"","protected":false},"excerpt":{"rendered":"","protected":false},"featured_media":1725,"comment_status":"open","ping_status":"closed","template":"","meta":[],"product_cat":[24],"product_tag":[],"class_list":["post-375","product","type-product","status-publish","has-post-thumbnail","hentry","product_cat-actros-mp2-mp3"],"_links":{"self":[{"href":"https:\/\/felipsotomotiv.com\/index.php\/wp-json\/wp\/v3\/product\/375","targetHints":{"allow":["GET"]}}],"collection":[{"href":"https:\/\/felipsotomotiv.com\/index.php\/wp-json\/wp\/v3\/product"}],"about":[{"href":"https:\/\/felipsotomotiv.com\/index.php\/wp-json\/wp\/v2\/types\/product"}],"replies":[{"embeddable":true,"href":"https:\/\/felipsotomotiv.com\/index.php\/wp-json\/wp\/v2\/comments?post=375"}],"wp:featuredmedia":[{"embeddable":true,"href":"https:\/\/felipsotomotiv.com\/index.php\/wp-json\/wp\/v2\/media\/1725"}],"wp:attachment":[{"href":"https:\/\/felipsotomotiv.com\/index.php\/wp-json\/wp\/v2\/media?parent=375"}],"wp:term":[{"taxonomy":"product_cat","embeddable":true,"href":"https:\/\/felipsotomotiv.com\/index.php\/wp-json\/wp\/v2\/product_cat?post=375"},{"taxonomy":"product_tag","embeddable":true,"href":"https:\/\/felipsotomotiv.com\/index.php\/wp-json\/wp\/v2\/product_tag?post=375"}],"curies":[{"name":"wp","href":"https:\/\/api.w.org\/{rel}","templated":true}]}}