{"id":414,"date":"2024-04-21T03:09:10","date_gmt":"2024-04-21T00:09:10","guid":{"rendered":"http:\/\/felipsotomotiv.com\/?post_type=product&#038;p=414"},"modified":"2024-07-08T08:32:13","modified_gmt":"2024-07-08T05:32:13","slug":"panjur-citasi-kromu-fme153","status":"publish","type":"product","link":"https:\/\/felipsotomotiv.com\/index.php\/urun\/panjur-citasi-kromu-fme153\/","title":{"rendered":"FME153 MERCEDES-BENZ \u0130\u00c7\u0130N PANJUR \u00c7ITASI KROMU (PRESL\u0130) ACTROS MP4\/MP5"},"content":{"rendered":"","protected":false},"excerpt":{"rendered":"<p class=\"p1\">ACTROS 1845 \/ MP4-MP5<\/p>\n","protected":false},"featured_media":1733,"comment_status":"open","ping_status":"closed","template":"","meta":[],"product_cat":[25],"product_tag":[],"class_list":["post-414","product","type-product","status-publish","has-post-thumbnail","hentry","product_cat-actros-mp4-mp5"],"_links":{"self":[{"href":"https:\/\/felipsotomotiv.com\/index.php\/wp-json\/wp\/v3\/product\/414","targetHints":{"allow":["GET"]}}],"collection":[{"href":"https:\/\/felipsotomotiv.com\/index.php\/wp-json\/wp\/v3\/product"}],"about":[{"href":"https:\/\/felipsotomotiv.com\/index.php\/wp-json\/wp\/v2\/types\/product"}],"replies":[{"embeddable":true,"href":"https:\/\/felipsotomotiv.com\/index.php\/wp-json\/wp\/v2\/comments?post=414"}],"wp:featuredmedia":[{"embeddable":true,"href":"https:\/\/felipsotomotiv.com\/index.php\/wp-json\/wp\/v2\/media\/1733"}],"wp:attachment":[{"href":"https:\/\/felipsotomotiv.com\/index.php\/wp-json\/wp\/v2\/media?parent=414"}],"wp:term":[{"taxonomy":"product_cat","embeddable":true,"href":"https:\/\/felipsotomotiv.com\/index.php\/wp-json\/wp\/v2\/product_cat?post=414"},{"taxonomy":"product_tag","embeddable":true,"href":"https:\/\/felipsotomotiv.com\/index.php\/wp-json\/wp\/v2\/product_tag?post=414"}],"curies":[{"name":"wp","href":"https:\/\/api.w.org\/{rel}","templated":true}]}}