{"id":431,"date":"2024-04-21T03:15:52","date_gmt":"2024-04-21T00:15:52","guid":{"rendered":"http:\/\/felipsotomotiv.com\/?post_type=product&#038;p=431"},"modified":"2024-07-16T15:21:04","modified_gmt":"2024-07-16T12:21:04","slug":"sineklik-kromu-ffd102","status":"publish","type":"product","link":"https:\/\/felipsotomotiv.com\/index.php\/urun\/sineklik-kromu-ffd102\/","title":{"rendered":"FFD102 FORD \u0130\u00c7\u0130N S\u0130NEKL\u0130K KROMU CARGO"},"content":{"rendered":"","protected":false},"excerpt":{"rendered":"<p>ALL MODELS<\/p>\n","protected":false},"featured_media":1950,"comment_status":"open","ping_status":"closed","template":"","meta":[],"product_cat":[33],"product_tag":[],"class_list":["post-431","product","type-product","status-publish","has-post-thumbnail","hentry","product_cat-cargo"],"_links":{"self":[{"href":"https:\/\/felipsotomotiv.com\/index.php\/wp-json\/wp\/v3\/product\/431","targetHints":{"allow":["GET"]}}],"collection":[{"href":"https:\/\/felipsotomotiv.com\/index.php\/wp-json\/wp\/v3\/product"}],"about":[{"href":"https:\/\/felipsotomotiv.com\/index.php\/wp-json\/wp\/v2\/types\/product"}],"replies":[{"embeddable":true,"href":"https:\/\/felipsotomotiv.com\/index.php\/wp-json\/wp\/v2\/comments?post=431"}],"wp:featuredmedia":[{"embeddable":true,"href":"https:\/\/felipsotomotiv.com\/index.php\/wp-json\/wp\/v2\/media\/1950"}],"wp:attachment":[{"href":"https:\/\/felipsotomotiv.com\/index.php\/wp-json\/wp\/v2\/media?parent=431"}],"wp:term":[{"taxonomy":"product_cat","embeddable":true,"href":"https:\/\/felipsotomotiv.com\/index.php\/wp-json\/wp\/v2\/product_cat?post=431"},{"taxonomy":"product_tag","embeddable":true,"href":"https:\/\/felipsotomotiv.com\/index.php\/wp-json\/wp\/v2\/product_tag?post=431"}],"curies":[{"name":"wp","href":"https:\/\/api.w.org\/{rel}","templated":true}]}}