{"id":434,"date":"2024-04-21T03:16:43","date_gmt":"2024-04-21T00:16:43","guid":{"rendered":"http:\/\/felipsotomotiv.com\/?post_type=product&#038;p=434"},"modified":"2024-07-08T08:38:18","modified_gmt":"2024-07-08T05:38:18","slug":"kapi-seridi-kromu-fme160","status":"publish","type":"product","link":"https:\/\/felipsotomotiv.com\/index.php\/urun\/kapi-seridi-kromu-fme160\/","title":{"rendered":"FME160 MERCEDES-BENZ \u0130\u00c7\u0130N KAPI \u015eER\u0130D\u0130 KROMU ACTROS MP4\/MP5"},"content":{"rendered":"","protected":false},"excerpt":{"rendered":"<p class=\"p1\">ACTROS 1845 \/ MP4-MP5<\/p>\n","protected":false},"featured_media":1740,"comment_status":"open","ping_status":"closed","template":"","meta":[],"product_cat":[25],"product_tag":[],"class_list":["post-434","product","type-product","status-publish","has-post-thumbnail","hentry","product_cat-actros-mp4-mp5"],"_links":{"self":[{"href":"https:\/\/felipsotomotiv.com\/index.php\/wp-json\/wp\/v3\/product\/434","targetHints":{"allow":["GET"]}}],"collection":[{"href":"https:\/\/felipsotomotiv.com\/index.php\/wp-json\/wp\/v3\/product"}],"about":[{"href":"https:\/\/felipsotomotiv.com\/index.php\/wp-json\/wp\/v2\/types\/product"}],"replies":[{"embeddable":true,"href":"https:\/\/felipsotomotiv.com\/index.php\/wp-json\/wp\/v2\/comments?post=434"}],"wp:featuredmedia":[{"embeddable":true,"href":"https:\/\/felipsotomotiv.com\/index.php\/wp-json\/wp\/v2\/media\/1740"}],"wp:attachment":[{"href":"https:\/\/felipsotomotiv.com\/index.php\/wp-json\/wp\/v2\/media?parent=434"}],"wp:term":[{"taxonomy":"product_cat","embeddable":true,"href":"https:\/\/felipsotomotiv.com\/index.php\/wp-json\/wp\/v2\/product_cat?post=434"},{"taxonomy":"product_tag","embeddable":true,"href":"https:\/\/felipsotomotiv.com\/index.php\/wp-json\/wp\/v2\/product_tag?post=434"}],"curies":[{"name":"wp","href":"https:\/\/api.w.org\/{rel}","templated":true}]}}