{"id":441,"date":"2024-04-21T03:18:52","date_gmt":"2024-04-21T00:18:52","guid":{"rendered":"http:\/\/felipsotomotiv.com\/?post_type=product&#038;p=441"},"modified":"2024-07-16T15:20:59","modified_gmt":"2024-07-16T12:20:59","slug":"kus-logolu-on-panjur-kromu-ffd104","status":"publish","type":"product","link":"https:\/\/felipsotomotiv.com\/index.php\/urun\/kus-logolu-on-panjur-kromu-ffd104\/","title":{"rendered":"FFD104 FORD \u0130\u00c7\u0130N KU\u015e LOGOLU \u00d6N PANJUR KROMU CARGO"},"content":{"rendered":"","protected":false},"excerpt":{"rendered":"<p>NARROW MODEL<\/p>\n","protected":false},"featured_media":1952,"comment_status":"open","ping_status":"closed","template":"","meta":[],"product_cat":[33],"product_tag":[],"class_list":["post-441","product","type-product","status-publish","has-post-thumbnail","hentry","product_cat-cargo"],"_links":{"self":[{"href":"https:\/\/felipsotomotiv.com\/index.php\/wp-json\/wp\/v3\/product\/441","targetHints":{"allow":["GET"]}}],"collection":[{"href":"https:\/\/felipsotomotiv.com\/index.php\/wp-json\/wp\/v3\/product"}],"about":[{"href":"https:\/\/felipsotomotiv.com\/index.php\/wp-json\/wp\/v2\/types\/product"}],"replies":[{"embeddable":true,"href":"https:\/\/felipsotomotiv.com\/index.php\/wp-json\/wp\/v2\/comments?post=441"}],"wp:featuredmedia":[{"embeddable":true,"href":"https:\/\/felipsotomotiv.com\/index.php\/wp-json\/wp\/v2\/media\/1952"}],"wp:attachment":[{"href":"https:\/\/felipsotomotiv.com\/index.php\/wp-json\/wp\/v2\/media?parent=441"}],"wp:term":[{"taxonomy":"product_cat","embeddable":true,"href":"https:\/\/felipsotomotiv.com\/index.php\/wp-json\/wp\/v2\/product_cat?post=441"},{"taxonomy":"product_tag","embeddable":true,"href":"https:\/\/felipsotomotiv.com\/index.php\/wp-json\/wp\/v2\/product_tag?post=441"}],"curies":[{"name":"wp","href":"https:\/\/api.w.org\/{rel}","templated":true}]}}