{"id":455,"date":"2024-04-21T03:22:24","date_gmt":"2024-04-21T00:22:24","guid":{"rendered":"http:\/\/felipsotomotiv.com\/?post_type=product&#038;p=455"},"modified":"2024-07-16T15:28:47","modified_gmt":"2024-07-16T12:28:47","slug":"far-teli-kromu-ffd108","status":"publish","type":"product","link":"https:\/\/felipsotomotiv.com\/index.php\/urun\/far-teli-kromu-ffd108\/","title":{"rendered":"FFD108 FORD \u0130\u00c7\u0130N FAR TEL\u0130 KROMU CARGO"},"content":{"rendered":"","protected":false},"excerpt":{"rendered":"<p>BEFORE 2007 MODEL<\/p>\n","protected":false},"featured_media":1956,"comment_status":"open","ping_status":"closed","template":"","meta":[],"product_cat":[33],"product_tag":[],"class_list":["post-455","product","type-product","status-publish","has-post-thumbnail","hentry","product_cat-cargo"],"_links":{"self":[{"href":"https:\/\/felipsotomotiv.com\/index.php\/wp-json\/wp\/v3\/product\/455","targetHints":{"allow":["GET"]}}],"collection":[{"href":"https:\/\/felipsotomotiv.com\/index.php\/wp-json\/wp\/v3\/product"}],"about":[{"href":"https:\/\/felipsotomotiv.com\/index.php\/wp-json\/wp\/v2\/types\/product"}],"replies":[{"embeddable":true,"href":"https:\/\/felipsotomotiv.com\/index.php\/wp-json\/wp\/v2\/comments?post=455"}],"wp:featuredmedia":[{"embeddable":true,"href":"https:\/\/felipsotomotiv.com\/index.php\/wp-json\/wp\/v2\/media\/1956"}],"wp:attachment":[{"href":"https:\/\/felipsotomotiv.com\/index.php\/wp-json\/wp\/v2\/media?parent=455"}],"wp:term":[{"taxonomy":"product_cat","embeddable":true,"href":"https:\/\/felipsotomotiv.com\/index.php\/wp-json\/wp\/v2\/product_cat?post=455"},{"taxonomy":"product_tag","embeddable":true,"href":"https:\/\/felipsotomotiv.com\/index.php\/wp-json\/wp\/v2\/product_tag?post=455"}],"curies":[{"name":"wp","href":"https:\/\/api.w.org\/{rel}","templated":true}]}}