{"id":459,"date":"2024-04-21T03:23:10","date_gmt":"2024-04-21T00:23:10","guid":{"rendered":"http:\/\/felipsotomotiv.com\/?post_type=product&#038;p=459"},"modified":"2024-07-16T16:07:03","modified_gmt":"2024-07-16T13:07:03","slug":"far-teli-kromu-ffd109","status":"publish","type":"product","link":"https:\/\/felipsotomotiv.com\/index.php\/urun\/far-teli-kromu-ffd109\/","title":{"rendered":"FFD109 FORD \u0130\u00c7\u0130N FAR TEL\u0130 KROMU CARGO"},"content":{"rendered":"","protected":false},"excerpt":{"rendered":"<p>HAWK LOOK MODEL<\/p>\n","protected":false},"featured_media":1957,"comment_status":"open","ping_status":"closed","template":"","meta":[],"product_cat":[33],"product_tag":[],"class_list":["post-459","product","type-product","status-publish","has-post-thumbnail","hentry","product_cat-cargo"],"_links":{"self":[{"href":"https:\/\/felipsotomotiv.com\/index.php\/wp-json\/wp\/v3\/product\/459","targetHints":{"allow":["GET"]}}],"collection":[{"href":"https:\/\/felipsotomotiv.com\/index.php\/wp-json\/wp\/v3\/product"}],"about":[{"href":"https:\/\/felipsotomotiv.com\/index.php\/wp-json\/wp\/v2\/types\/product"}],"replies":[{"embeddable":true,"href":"https:\/\/felipsotomotiv.com\/index.php\/wp-json\/wp\/v2\/comments?post=459"}],"wp:featuredmedia":[{"embeddable":true,"href":"https:\/\/felipsotomotiv.com\/index.php\/wp-json\/wp\/v2\/media\/1957"}],"wp:attachment":[{"href":"https:\/\/felipsotomotiv.com\/index.php\/wp-json\/wp\/v2\/media?parent=459"}],"wp:term":[{"taxonomy":"product_cat","embeddable":true,"href":"https:\/\/felipsotomotiv.com\/index.php\/wp-json\/wp\/v2\/product_cat?post=459"},{"taxonomy":"product_tag","embeddable":true,"href":"https:\/\/felipsotomotiv.com\/index.php\/wp-json\/wp\/v2\/product_tag?post=459"}],"curies":[{"name":"wp","href":"https:\/\/api.w.org\/{rel}","templated":true}]}}