{"id":466,"date":"2024-04-21T03:24:21","date_gmt":"2024-04-21T00:24:21","guid":{"rendered":"http:\/\/felipsotomotiv.com\/?post_type=product&#038;p=466"},"modified":"2024-07-16T16:07:07","modified_gmt":"2024-07-16T13:07:07","slug":"far-teli-kromu-ffd111","status":"publish","type":"product","link":"https:\/\/felipsotomotiv.com\/index.php\/urun\/far-teli-kromu-ffd111\/","title":{"rendered":"FFD111 FORD \u0130\u00c7\u0130N FAR TEL\u0130 KROMU CARGO"},"content":{"rendered":"","protected":false},"excerpt":{"rendered":"<p>1846 MODEL<\/p>\n","protected":false},"featured_media":1959,"comment_status":"open","ping_status":"closed","template":"","meta":[],"product_cat":[33],"product_tag":[],"class_list":["post-466","product","type-product","status-publish","has-post-thumbnail","hentry","product_cat-cargo"],"_links":{"self":[{"href":"https:\/\/felipsotomotiv.com\/index.php\/wp-json\/wp\/v3\/product\/466","targetHints":{"allow":["GET"]}}],"collection":[{"href":"https:\/\/felipsotomotiv.com\/index.php\/wp-json\/wp\/v3\/product"}],"about":[{"href":"https:\/\/felipsotomotiv.com\/index.php\/wp-json\/wp\/v2\/types\/product"}],"replies":[{"embeddable":true,"href":"https:\/\/felipsotomotiv.com\/index.php\/wp-json\/wp\/v2\/comments?post=466"}],"wp:featuredmedia":[{"embeddable":true,"href":"https:\/\/felipsotomotiv.com\/index.php\/wp-json\/wp\/v2\/media\/1959"}],"wp:attachment":[{"href":"https:\/\/felipsotomotiv.com\/index.php\/wp-json\/wp\/v2\/media?parent=466"}],"wp:term":[{"taxonomy":"product_cat","embeddable":true,"href":"https:\/\/felipsotomotiv.com\/index.php\/wp-json\/wp\/v2\/product_cat?post=466"},{"taxonomy":"product_tag","embeddable":true,"href":"https:\/\/felipsotomotiv.com\/index.php\/wp-json\/wp\/v2\/product_tag?post=466"}],"curies":[{"name":"wp","href":"https:\/\/api.w.org\/{rel}","templated":true}]}}