{"id":467,"date":"2024-04-21T03:24:39","date_gmt":"2024-04-21T00:24:39","guid":{"rendered":"http:\/\/felipsotomotiv.com\/?post_type=product&#038;p=467"},"modified":"2024-07-08T08:50:02","modified_gmt":"2024-07-08T05:50:02","slug":"far-etrafi-kromu-fme166","status":"publish","type":"product","link":"https:\/\/felipsotomotiv.com\/index.php\/urun\/far-etrafi-kromu-fme166\/","title":{"rendered":"FME166 MERCEDES-BENZ \u0130\u00c7\u0130N FAR ETRAFI KROMU  ACTROS MP4\/MP5"},"content":{"rendered":"","protected":false},"excerpt":{"rendered":"<h4 class=\"p1\">ACTROS 1845 \/ MP4-MP5<\/h4>\n","protected":false},"featured_media":1746,"comment_status":"open","ping_status":"closed","template":"","meta":[],"product_cat":[25],"product_tag":[],"class_list":["post-467","product","type-product","status-publish","has-post-thumbnail","hentry","product_cat-actros-mp4-mp5"],"_links":{"self":[{"href":"https:\/\/felipsotomotiv.com\/index.php\/wp-json\/wp\/v3\/product\/467","targetHints":{"allow":["GET"]}}],"collection":[{"href":"https:\/\/felipsotomotiv.com\/index.php\/wp-json\/wp\/v3\/product"}],"about":[{"href":"https:\/\/felipsotomotiv.com\/index.php\/wp-json\/wp\/v2\/types\/product"}],"replies":[{"embeddable":true,"href":"https:\/\/felipsotomotiv.com\/index.php\/wp-json\/wp\/v2\/comments?post=467"}],"wp:featuredmedia":[{"embeddable":true,"href":"https:\/\/felipsotomotiv.com\/index.php\/wp-json\/wp\/v2\/media\/1746"}],"wp:attachment":[{"href":"https:\/\/felipsotomotiv.com\/index.php\/wp-json\/wp\/v2\/media?parent=467"}],"wp:term":[{"taxonomy":"product_cat","embeddable":true,"href":"https:\/\/felipsotomotiv.com\/index.php\/wp-json\/wp\/v2\/product_cat?post=467"},{"taxonomy":"product_tag","embeddable":true,"href":"https:\/\/felipsotomotiv.com\/index.php\/wp-json\/wp\/v2\/product_tag?post=467"}],"curies":[{"name":"wp","href":"https:\/\/api.w.org\/{rel}","templated":true}]}}