{"id":485,"date":"2024-04-21T03:27:57","date_gmt":"2024-04-21T00:27:57","guid":{"rendered":"http:\/\/felipsotomotiv.com\/?post_type=product&#038;p=485"},"modified":"2024-07-17T08:42:24","modified_gmt":"2024-07-17T05:42:24","slug":"on-logo-etrafi-kromu-ffd117","status":"publish","type":"product","link":"https:\/\/felipsotomotiv.com\/index.php\/urun\/on-logo-etrafi-kromu-ffd117\/","title":{"rendered":"FFD117 FORD \u0130\u00c7\u0130N ON LOGO ETRAFI KROMU CARGO"},"content":{"rendered":"","protected":false},"excerpt":{"rendered":"<p>UNTIL 2019<\/p>\n","protected":false},"featured_media":1987,"comment_status":"open","ping_status":"closed","template":"","meta":[],"product_cat":[33],"product_tag":[],"class_list":["post-485","product","type-product","status-publish","has-post-thumbnail","hentry","product_cat-cargo"],"_links":{"self":[{"href":"https:\/\/felipsotomotiv.com\/index.php\/wp-json\/wp\/v3\/product\/485","targetHints":{"allow":["GET"]}}],"collection":[{"href":"https:\/\/felipsotomotiv.com\/index.php\/wp-json\/wp\/v3\/product"}],"about":[{"href":"https:\/\/felipsotomotiv.com\/index.php\/wp-json\/wp\/v2\/types\/product"}],"replies":[{"embeddable":true,"href":"https:\/\/felipsotomotiv.com\/index.php\/wp-json\/wp\/v2\/comments?post=485"}],"wp:featuredmedia":[{"embeddable":true,"href":"https:\/\/felipsotomotiv.com\/index.php\/wp-json\/wp\/v2\/media\/1987"}],"wp:attachment":[{"href":"https:\/\/felipsotomotiv.com\/index.php\/wp-json\/wp\/v2\/media?parent=485"}],"wp:term":[{"taxonomy":"product_cat","embeddable":true,"href":"https:\/\/felipsotomotiv.com\/index.php\/wp-json\/wp\/v2\/product_cat?post=485"},{"taxonomy":"product_tag","embeddable":true,"href":"https:\/\/felipsotomotiv.com\/index.php\/wp-json\/wp\/v2\/product_tag?post=485"}],"curies":[{"name":"wp","href":"https:\/\/api.w.org\/{rel}","templated":true}]}}