{"id":498,"date":"2024-04-21T03:29:50","date_gmt":"2024-04-21T00:29:50","guid":{"rendered":"http:\/\/felipsotomotiv.com\/?post_type=product&#038;p=498"},"modified":"2024-07-17T08:42:16","modified_gmt":"2024-07-17T05:42:16","slug":"ayna-kapak-kromu-ffd120","status":"publish","type":"product","link":"https:\/\/felipsotomotiv.com\/index.php\/urun\/ayna-kapak-kromu-ffd120\/","title":{"rendered":"FFD120 FORD \u0130\u00c7\u0130N AYNA KAPAK KROMU (PRESL\u0130) CARGO"},"content":{"rendered":"","protected":false},"excerpt":{"rendered":"<p>1846 MODEL<\/p>\n","protected":false},"featured_media":1990,"comment_status":"open","ping_status":"closed","template":"","meta":[],"product_cat":[33],"product_tag":[],"class_list":["post-498","product","type-product","status-publish","has-post-thumbnail","hentry","product_cat-cargo"],"_links":{"self":[{"href":"https:\/\/felipsotomotiv.com\/index.php\/wp-json\/wp\/v3\/product\/498","targetHints":{"allow":["GET"]}}],"collection":[{"href":"https:\/\/felipsotomotiv.com\/index.php\/wp-json\/wp\/v3\/product"}],"about":[{"href":"https:\/\/felipsotomotiv.com\/index.php\/wp-json\/wp\/v2\/types\/product"}],"replies":[{"embeddable":true,"href":"https:\/\/felipsotomotiv.com\/index.php\/wp-json\/wp\/v2\/comments?post=498"}],"wp:featuredmedia":[{"embeddable":true,"href":"https:\/\/felipsotomotiv.com\/index.php\/wp-json\/wp\/v2\/media\/1990"}],"wp:attachment":[{"href":"https:\/\/felipsotomotiv.com\/index.php\/wp-json\/wp\/v2\/media?parent=498"}],"wp:term":[{"taxonomy":"product_cat","embeddable":true,"href":"https:\/\/felipsotomotiv.com\/index.php\/wp-json\/wp\/v2\/product_cat?post=498"},{"taxonomy":"product_tag","embeddable":true,"href":"https:\/\/felipsotomotiv.com\/index.php\/wp-json\/wp\/v2\/product_tag?post=498"}],"curies":[{"name":"wp","href":"https:\/\/api.w.org\/{rel}","templated":true}]}}