{"id":518,"date":"2024-04-21T03:34:31","date_gmt":"2024-04-21T00:34:31","guid":{"rendered":"http:\/\/felipsotomotiv.com\/?post_type=product&#038;p=518"},"modified":"2024-07-08T09:30:59","modified_gmt":"2024-07-08T06:30:59","slug":"ayna-kapak-kromu-fme175","status":"publish","type":"product","link":"https:\/\/felipsotomotiv.com\/index.php\/urun\/ayna-kapak-kromu-fme175\/","title":{"rendered":"FME175 MERCEDES-BENZ \u0130\u00c7\u0130N AYNA KAPAK KROMU  ACTROS MP4\/MP5"},"content":{"rendered":"","protected":false},"excerpt":{"rendered":"<p class=\"p1\">ACTROS 1845 \/ MP4<\/p>\n","protected":false},"featured_media":1755,"comment_status":"open","ping_status":"closed","template":"","meta":[],"product_cat":[25],"product_tag":[],"class_list":["post-518","product","type-product","status-publish","has-post-thumbnail","hentry","product_cat-actros-mp4-mp5"],"_links":{"self":[{"href":"https:\/\/felipsotomotiv.com\/index.php\/wp-json\/wp\/v3\/product\/518","targetHints":{"allow":["GET"]}}],"collection":[{"href":"https:\/\/felipsotomotiv.com\/index.php\/wp-json\/wp\/v3\/product"}],"about":[{"href":"https:\/\/felipsotomotiv.com\/index.php\/wp-json\/wp\/v2\/types\/product"}],"replies":[{"embeddable":true,"href":"https:\/\/felipsotomotiv.com\/index.php\/wp-json\/wp\/v2\/comments?post=518"}],"wp:featuredmedia":[{"embeddable":true,"href":"https:\/\/felipsotomotiv.com\/index.php\/wp-json\/wp\/v2\/media\/1755"}],"wp:attachment":[{"href":"https:\/\/felipsotomotiv.com\/index.php\/wp-json\/wp\/v2\/media?parent=518"}],"wp:term":[{"taxonomy":"product_cat","embeddable":true,"href":"https:\/\/felipsotomotiv.com\/index.php\/wp-json\/wp\/v2\/product_cat?post=518"},{"taxonomy":"product_tag","embeddable":true,"href":"https:\/\/felipsotomotiv.com\/index.php\/wp-json\/wp\/v2\/product_tag?post=518"}],"curies":[{"name":"wp","href":"https:\/\/api.w.org\/{rel}","templated":true}]}}