{"id":530,"date":"2024-04-21T03:38:28","date_gmt":"2024-04-21T00:38:28","guid":{"rendered":"http:\/\/felipsotomotiv.com\/?post_type=product&#038;p=530"},"modified":"2024-07-17T10:25:32","modified_gmt":"2024-07-17T07:25:32","slug":"presli-panjur-kromu-ffd159","status":"publish","type":"product","link":"https:\/\/felipsotomotiv.com\/index.php\/urun\/presli-panjur-kromu-ffd159\/","title":{"rendered":"FFD159 FORD \u0130\u00c7\u0130N PRESL\u0130 PANJUR KROMU (PRESL\u0130) F-MAX"},"content":{"rendered":"","protected":false},"excerpt":{"rendered":"<p>F-MAX<\/p>\n","protected":false},"featured_media":2000,"comment_status":"open","ping_status":"closed","template":"","meta":[],"product_cat":[34],"product_tag":[],"class_list":["post-530","product","type-product","status-publish","has-post-thumbnail","hentry","product_cat-f-max"],"_links":{"self":[{"href":"https:\/\/felipsotomotiv.com\/index.php\/wp-json\/wp\/v3\/product\/530","targetHints":{"allow":["GET"]}}],"collection":[{"href":"https:\/\/felipsotomotiv.com\/index.php\/wp-json\/wp\/v3\/product"}],"about":[{"href":"https:\/\/felipsotomotiv.com\/index.php\/wp-json\/wp\/v2\/types\/product"}],"replies":[{"embeddable":true,"href":"https:\/\/felipsotomotiv.com\/index.php\/wp-json\/wp\/v2\/comments?post=530"}],"wp:featuredmedia":[{"embeddable":true,"href":"https:\/\/felipsotomotiv.com\/index.php\/wp-json\/wp\/v2\/media\/2000"}],"wp:attachment":[{"href":"https:\/\/felipsotomotiv.com\/index.php\/wp-json\/wp\/v2\/media?parent=530"}],"wp:term":[{"taxonomy":"product_cat","embeddable":true,"href":"https:\/\/felipsotomotiv.com\/index.php\/wp-json\/wp\/v2\/product_cat?post=530"},{"taxonomy":"product_tag","embeddable":true,"href":"https:\/\/felipsotomotiv.com\/index.php\/wp-json\/wp\/v2\/product_tag?post=530"}],"curies":[{"name":"wp","href":"https:\/\/api.w.org\/{rel}","templated":true}]}}