{"id":531,"date":"2024-04-21T03:38:36","date_gmt":"2024-04-21T00:38:36","guid":{"rendered":"http:\/\/felipsotomotiv.com\/?post_type=product&#038;p=531"},"modified":"2024-07-08T11:47:26","modified_gmt":"2024-07-08T08:47:26","slug":"yanlik-ortasi-dik-kromlar-4-parca-fme178","status":"publish","type":"product","link":"https:\/\/felipsotomotiv.com\/index.php\/urun\/yanlik-ortasi-dik-kromlar-4-parca-fme178\/","title":{"rendered":"FME178 MERCEDES-BENZ \u0130\u00c7\u0130N YANLIK ORTASI D\u0130K KROMLAR 4 PAR\u00c7A  ACTROS MP4\/MP5"},"content":{"rendered":"","protected":false},"excerpt":{"rendered":"","protected":false},"featured_media":1758,"comment_status":"open","ping_status":"closed","template":"","meta":[],"product_cat":[25],"product_tag":[],"class_list":["post-531","product","type-product","status-publish","has-post-thumbnail","hentry","product_cat-actros-mp4-mp5"],"_links":{"self":[{"href":"https:\/\/felipsotomotiv.com\/index.php\/wp-json\/wp\/v3\/product\/531","targetHints":{"allow":["GET"]}}],"collection":[{"href":"https:\/\/felipsotomotiv.com\/index.php\/wp-json\/wp\/v3\/product"}],"about":[{"href":"https:\/\/felipsotomotiv.com\/index.php\/wp-json\/wp\/v2\/types\/product"}],"replies":[{"embeddable":true,"href":"https:\/\/felipsotomotiv.com\/index.php\/wp-json\/wp\/v2\/comments?post=531"}],"wp:featuredmedia":[{"embeddable":true,"href":"https:\/\/felipsotomotiv.com\/index.php\/wp-json\/wp\/v2\/media\/1758"}],"wp:attachment":[{"href":"https:\/\/felipsotomotiv.com\/index.php\/wp-json\/wp\/v2\/media?parent=531"}],"wp:term":[{"taxonomy":"product_cat","embeddable":true,"href":"https:\/\/felipsotomotiv.com\/index.php\/wp-json\/wp\/v2\/product_cat?post=531"},{"taxonomy":"product_tag","embeddable":true,"href":"https:\/\/felipsotomotiv.com\/index.php\/wp-json\/wp\/v2\/product_tag?post=531"}],"curies":[{"name":"wp","href":"https:\/\/api.w.org\/{rel}","templated":true}]}}