{"id":537,"date":"2024-04-21T03:39:27","date_gmt":"2024-04-21T00:39:27","guid":{"rendered":"http:\/\/felipsotomotiv.com\/?post_type=product&#038;p=537"},"modified":"2024-07-17T09:51:44","modified_gmt":"2024-07-17T06:51:44","slug":"panjur-kromu-ffd161","status":"publish","type":"product","link":"https:\/\/felipsotomotiv.com\/index.php\/urun\/panjur-kromu-ffd161\/","title":{"rendered":"FFD161 FORD \u0130\u00c7\u0130N PANJUR KROMU F-MAX"},"content":{"rendered":"","protected":false},"excerpt":{"rendered":"<p>F-MAX<\/p>\n","protected":false},"featured_media":2002,"comment_status":"open","ping_status":"closed","template":"","meta":[],"product_cat":[34],"product_tag":[],"class_list":["post-537","product","type-product","status-publish","has-post-thumbnail","hentry","product_cat-f-max"],"_links":{"self":[{"href":"https:\/\/felipsotomotiv.com\/index.php\/wp-json\/wp\/v3\/product\/537","targetHints":{"allow":["GET"]}}],"collection":[{"href":"https:\/\/felipsotomotiv.com\/index.php\/wp-json\/wp\/v3\/product"}],"about":[{"href":"https:\/\/felipsotomotiv.com\/index.php\/wp-json\/wp\/v2\/types\/product"}],"replies":[{"embeddable":true,"href":"https:\/\/felipsotomotiv.com\/index.php\/wp-json\/wp\/v2\/comments?post=537"}],"wp:featuredmedia":[{"embeddable":true,"href":"https:\/\/felipsotomotiv.com\/index.php\/wp-json\/wp\/v2\/media\/2002"}],"wp:attachment":[{"href":"https:\/\/felipsotomotiv.com\/index.php\/wp-json\/wp\/v2\/media?parent=537"}],"wp:term":[{"taxonomy":"product_cat","embeddable":true,"href":"https:\/\/felipsotomotiv.com\/index.php\/wp-json\/wp\/v2\/product_cat?post=537"},{"taxonomy":"product_tag","embeddable":true,"href":"https:\/\/felipsotomotiv.com\/index.php\/wp-json\/wp\/v2\/product_tag?post=537"}],"curies":[{"name":"wp","href":"https:\/\/api.w.org\/{rel}","templated":true}]}}