{"id":543,"date":"2024-04-21T03:40:33","date_gmt":"2024-04-21T00:40:33","guid":{"rendered":"http:\/\/felipsotomotiv.com\/?post_type=product&#038;p=543"},"modified":"2024-07-17T10:31:41","modified_gmt":"2024-07-17T07:31:41","slug":"far-etrafi-kromu-ffd163","status":"publish","type":"product","link":"https:\/\/felipsotomotiv.com\/index.php\/urun\/far-etrafi-kromu-ffd163\/","title":{"rendered":"FFD163 FORD \u0130\u00c7\u0130N FAR ETRAFI KROMU  F-MAX"},"content":{"rendered":"","protected":false},"excerpt":{"rendered":"<p>F-MAX<\/p>\n","protected":false},"featured_media":2004,"comment_status":"open","ping_status":"closed","template":"","meta":[],"product_cat":[34],"product_tag":[],"class_list":["post-543","product","type-product","status-publish","has-post-thumbnail","hentry","product_cat-f-max"],"_links":{"self":[{"href":"https:\/\/felipsotomotiv.com\/index.php\/wp-json\/wp\/v3\/product\/543","targetHints":{"allow":["GET"]}}],"collection":[{"href":"https:\/\/felipsotomotiv.com\/index.php\/wp-json\/wp\/v3\/product"}],"about":[{"href":"https:\/\/felipsotomotiv.com\/index.php\/wp-json\/wp\/v2\/types\/product"}],"replies":[{"embeddable":true,"href":"https:\/\/felipsotomotiv.com\/index.php\/wp-json\/wp\/v2\/comments?post=543"}],"wp:featuredmedia":[{"embeddable":true,"href":"https:\/\/felipsotomotiv.com\/index.php\/wp-json\/wp\/v2\/media\/2004"}],"wp:attachment":[{"href":"https:\/\/felipsotomotiv.com\/index.php\/wp-json\/wp\/v2\/media?parent=543"}],"wp:term":[{"taxonomy":"product_cat","embeddable":true,"href":"https:\/\/felipsotomotiv.com\/index.php\/wp-json\/wp\/v2\/product_cat?post=543"},{"taxonomy":"product_tag","embeddable":true,"href":"https:\/\/felipsotomotiv.com\/index.php\/wp-json\/wp\/v2\/product_tag?post=543"}],"curies":[{"name":"wp","href":"https:\/\/api.w.org\/{rel}","templated":true}]}}