{"id":560,"date":"2024-04-21T03:43:18","date_gmt":"2024-04-21T00:43:18","guid":{"rendered":"http:\/\/felipsotomotiv.com\/?post_type=product&#038;p=560"},"modified":"2024-05-27T08:41:59","modified_gmt":"2024-05-27T05:41:59","slug":"panjur-ortasi-cita-kromlari-ffd168","status":"publish","type":"product","link":"https:\/\/felipsotomotiv.com\/index.php\/urun\/panjur-ortasi-cita-kromlari-ffd168\/","title":{"rendered":"FFD168 FORD \u0130\u00c7\u0130N PANJUR ORTASI \u00c7ITA KROMLARI (PRESL\u0130) F-MAX"},"content":{"rendered":"","protected":false},"excerpt":{"rendered":"<p>F-MAX<\/p>\n","protected":false},"featured_media":562,"comment_status":"open","ping_status":"closed","template":"","meta":[],"product_cat":[34],"product_tag":[],"class_list":["post-560","product","type-product","status-publish","has-post-thumbnail","hentry","product_cat-f-max"],"_links":{"self":[{"href":"https:\/\/felipsotomotiv.com\/index.php\/wp-json\/wp\/v3\/product\/560","targetHints":{"allow":["GET"]}}],"collection":[{"href":"https:\/\/felipsotomotiv.com\/index.php\/wp-json\/wp\/v3\/product"}],"about":[{"href":"https:\/\/felipsotomotiv.com\/index.php\/wp-json\/wp\/v2\/types\/product"}],"replies":[{"embeddable":true,"href":"https:\/\/felipsotomotiv.com\/index.php\/wp-json\/wp\/v2\/comments?post=560"}],"wp:featuredmedia":[{"embeddable":true,"href":"https:\/\/felipsotomotiv.com\/index.php\/wp-json\/wp\/v2\/media\/562"}],"wp:attachment":[{"href":"https:\/\/felipsotomotiv.com\/index.php\/wp-json\/wp\/v2\/media?parent=560"}],"wp:term":[{"taxonomy":"product_cat","embeddable":true,"href":"https:\/\/felipsotomotiv.com\/index.php\/wp-json\/wp\/v2\/product_cat?post=560"},{"taxonomy":"product_tag","embeddable":true,"href":"https:\/\/felipsotomotiv.com\/index.php\/wp-json\/wp\/v2\/product_tag?post=560"}],"curies":[{"name":"wp","href":"https:\/\/api.w.org\/{rel}","templated":true}]}}