{"id":577,"date":"2024-04-21T03:47:49","date_gmt":"2024-04-21T00:47:49","guid":{"rendered":"http:\/\/felipsotomotiv.com\/?post_type=product&#038;p=577"},"modified":"2024-07-18T08:11:19","modified_gmt":"2024-07-18T05:11:19","slug":"guneslik-kromu-fmn103","status":"publish","type":"product","link":"https:\/\/felipsotomotiv.com\/index.php\/urun\/guneslik-kromu-fmn103\/","title":{"rendered":"FMN103 MAN \u0130\u00c7\u0130N G\u00dcNE\u015eL\u0130K KROMU TGA\/TGX\/TGS\/TGL"},"content":{"rendered":"","protected":false},"excerpt":{"rendered":"<p>TGS<\/p>\n","protected":false},"featured_media":2013,"comment_status":"open","ping_status":"closed","template":"","meta":[],"product_cat":[35],"product_tag":[],"class_list":["post-577","product","type-product","status-publish","has-post-thumbnail","hentry","product_cat-tga-tgx-tgs-tgl"],"_links":{"self":[{"href":"https:\/\/felipsotomotiv.com\/index.php\/wp-json\/wp\/v3\/product\/577","targetHints":{"allow":["GET"]}}],"collection":[{"href":"https:\/\/felipsotomotiv.com\/index.php\/wp-json\/wp\/v3\/product"}],"about":[{"href":"https:\/\/felipsotomotiv.com\/index.php\/wp-json\/wp\/v2\/types\/product"}],"replies":[{"embeddable":true,"href":"https:\/\/felipsotomotiv.com\/index.php\/wp-json\/wp\/v2\/comments?post=577"}],"wp:featuredmedia":[{"embeddable":true,"href":"https:\/\/felipsotomotiv.com\/index.php\/wp-json\/wp\/v2\/media\/2013"}],"wp:attachment":[{"href":"https:\/\/felipsotomotiv.com\/index.php\/wp-json\/wp\/v2\/media?parent=577"}],"wp:term":[{"taxonomy":"product_cat","embeddable":true,"href":"https:\/\/felipsotomotiv.com\/index.php\/wp-json\/wp\/v2\/product_cat?post=577"},{"taxonomy":"product_tag","embeddable":true,"href":"https:\/\/felipsotomotiv.com\/index.php\/wp-json\/wp\/v2\/product_tag?post=577"}],"curies":[{"name":"wp","href":"https:\/\/api.w.org\/{rel}","templated":true}]}}