{"id":584,"date":"2024-04-21T03:48:49","date_gmt":"2024-04-21T00:48:49","guid":{"rendered":"http:\/\/felipsotomotiv.com\/?post_type=product&#038;p=584"},"modified":"2024-07-08T13:27:53","modified_gmt":"2024-07-08T10:27:53","slug":"far-sis-teli-kromu-fat108","status":"publish","type":"product","link":"https:\/\/felipsotomotiv.com\/index.php\/urun\/far-sis-teli-kromu-fat108\/","title":{"rendered":"FAT108 MERCEDES-BENZ \u0130\u00c7\u0130N FAR &#8211; S\u0130S TEL\u0130 KROMU ATEGO"},"content":{"rendered":"","protected":false},"excerpt":{"rendered":"","protected":false},"featured_media":1770,"comment_status":"open","ping_status":"closed","template":"","meta":[],"product_cat":[26],"product_tag":[],"class_list":["post-584","product","type-product","status-publish","has-post-thumbnail","hentry","product_cat-atego"],"_links":{"self":[{"href":"https:\/\/felipsotomotiv.com\/index.php\/wp-json\/wp\/v3\/product\/584","targetHints":{"allow":["GET"]}}],"collection":[{"href":"https:\/\/felipsotomotiv.com\/index.php\/wp-json\/wp\/v3\/product"}],"about":[{"href":"https:\/\/felipsotomotiv.com\/index.php\/wp-json\/wp\/v2\/types\/product"}],"replies":[{"embeddable":true,"href":"https:\/\/felipsotomotiv.com\/index.php\/wp-json\/wp\/v2\/comments?post=584"}],"wp:featuredmedia":[{"embeddable":true,"href":"https:\/\/felipsotomotiv.com\/index.php\/wp-json\/wp\/v2\/media\/1770"}],"wp:attachment":[{"href":"https:\/\/felipsotomotiv.com\/index.php\/wp-json\/wp\/v2\/media?parent=584"}],"wp:term":[{"taxonomy":"product_cat","embeddable":true,"href":"https:\/\/felipsotomotiv.com\/index.php\/wp-json\/wp\/v2\/product_cat?post=584"},{"taxonomy":"product_tag","embeddable":true,"href":"https:\/\/felipsotomotiv.com\/index.php\/wp-json\/wp\/v2\/product_tag?post=584"}],"curies":[{"name":"wp","href":"https:\/\/api.w.org\/{rel}","templated":true}]}}