{"id":592,"date":"2024-04-21T03:50:21","date_gmt":"2024-04-21T00:50:21","guid":{"rendered":"http:\/\/felipsotomotiv.com\/?post_type=product&#038;p=592"},"modified":"2024-07-08T13:31:12","modified_gmt":"2024-07-08T10:31:12","slug":"panjur-ici-kromu-fat110","status":"publish","type":"product","link":"https:\/\/felipsotomotiv.com\/index.php\/urun\/panjur-ici-kromu-fat110\/","title":{"rendered":"FAT110 MERCEDES-BENZ \u0130\u00c7\u0130N PANJUR ICI KROMU ATEGO"},"content":{"rendered":"","protected":false},"excerpt":{"rendered":"","protected":false},"featured_media":1773,"comment_status":"open","ping_status":"closed","template":"","meta":[],"product_cat":[26],"product_tag":[],"class_list":["post-592","product","type-product","status-publish","has-post-thumbnail","hentry","product_cat-atego"],"_links":{"self":[{"href":"https:\/\/felipsotomotiv.com\/index.php\/wp-json\/wp\/v3\/product\/592","targetHints":{"allow":["GET"]}}],"collection":[{"href":"https:\/\/felipsotomotiv.com\/index.php\/wp-json\/wp\/v3\/product"}],"about":[{"href":"https:\/\/felipsotomotiv.com\/index.php\/wp-json\/wp\/v2\/types\/product"}],"replies":[{"embeddable":true,"href":"https:\/\/felipsotomotiv.com\/index.php\/wp-json\/wp\/v2\/comments?post=592"}],"wp:featuredmedia":[{"embeddable":true,"href":"https:\/\/felipsotomotiv.com\/index.php\/wp-json\/wp\/v2\/media\/1773"}],"wp:attachment":[{"href":"https:\/\/felipsotomotiv.com\/index.php\/wp-json\/wp\/v2\/media?parent=592"}],"wp:term":[{"taxonomy":"product_cat","embeddable":true,"href":"https:\/\/felipsotomotiv.com\/index.php\/wp-json\/wp\/v2\/product_cat?post=592"},{"taxonomy":"product_tag","embeddable":true,"href":"https:\/\/felipsotomotiv.com\/index.php\/wp-json\/wp\/v2\/product_tag?post=592"}],"curies":[{"name":"wp","href":"https:\/\/api.w.org\/{rel}","templated":true}]}}