{"id":600,"date":"2024-04-21T03:51:42","date_gmt":"2024-04-21T00:51:42","guid":{"rendered":"http:\/\/felipsotomotiv.com\/?post_type=product&#038;p=600"},"modified":"2024-07-08T13:31:16","modified_gmt":"2024-07-08T10:31:16","slug":"peron-ayna-kapagi-fat112","status":"publish","type":"product","link":"https:\/\/felipsotomotiv.com\/index.php\/urun\/peron-ayna-kapagi-fat112\/","title":{"rendered":"FAT112 MERCEDES-BENZ \u0130\u00c7\u0130N PERON AYNA KAPAGI ATEGO"},"content":{"rendered":"","protected":false},"excerpt":{"rendered":"","protected":false},"featured_media":1775,"comment_status":"open","ping_status":"closed","template":"","meta":[],"product_cat":[26],"product_tag":[],"class_list":["post-600","product","type-product","status-publish","has-post-thumbnail","hentry","product_cat-atego"],"_links":{"self":[{"href":"https:\/\/felipsotomotiv.com\/index.php\/wp-json\/wp\/v3\/product\/600","targetHints":{"allow":["GET"]}}],"collection":[{"href":"https:\/\/felipsotomotiv.com\/index.php\/wp-json\/wp\/v3\/product"}],"about":[{"href":"https:\/\/felipsotomotiv.com\/index.php\/wp-json\/wp\/v2\/types\/product"}],"replies":[{"embeddable":true,"href":"https:\/\/felipsotomotiv.com\/index.php\/wp-json\/wp\/v2\/comments?post=600"}],"wp:featuredmedia":[{"embeddable":true,"href":"https:\/\/felipsotomotiv.com\/index.php\/wp-json\/wp\/v2\/media\/1775"}],"wp:attachment":[{"href":"https:\/\/felipsotomotiv.com\/index.php\/wp-json\/wp\/v2\/media?parent=600"}],"wp:term":[{"taxonomy":"product_cat","embeddable":true,"href":"https:\/\/felipsotomotiv.com\/index.php\/wp-json\/wp\/v2\/product_cat?post=600"},{"taxonomy":"product_tag","embeddable":true,"href":"https:\/\/felipsotomotiv.com\/index.php\/wp-json\/wp\/v2\/product_tag?post=600"}],"curies":[{"name":"wp","href":"https:\/\/api.w.org\/{rel}","templated":true}]}}