{"id":615,"date":"2024-04-21T15:15:27","date_gmt":"2024-04-21T12:15:27","guid":{"rendered":"http:\/\/felipsotomotiv.com\/?post_type=product&#038;p=615"},"modified":"2024-07-18T08:19:07","modified_gmt":"2024-07-18T05:19:07","slug":"kapi-kolu-etrafi-kromu-fmn112","status":"publish","type":"product","link":"https:\/\/felipsotomotiv.com\/index.php\/urun\/kapi-kolu-etrafi-kromu-fmn112\/","title":{"rendered":"FMN112 MAN \u0130\u00c7\u0130N KAPI KOLU ETRAFI KROMU TGA\/TGX\/TGS\/TGL"},"content":{"rendered":"","protected":false},"excerpt":{"rendered":"<p>TGA-TGX-TGS-TGL<\/p>\n","protected":false},"featured_media":2025,"comment_status":"open","ping_status":"closed","template":"","meta":[],"product_cat":[35],"product_tag":[],"class_list":["post-615","product","type-product","status-publish","has-post-thumbnail","hentry","product_cat-tga-tgx-tgs-tgl"],"_links":{"self":[{"href":"https:\/\/felipsotomotiv.com\/index.php\/wp-json\/wp\/v3\/product\/615","targetHints":{"allow":["GET"]}}],"collection":[{"href":"https:\/\/felipsotomotiv.com\/index.php\/wp-json\/wp\/v3\/product"}],"about":[{"href":"https:\/\/felipsotomotiv.com\/index.php\/wp-json\/wp\/v2\/types\/product"}],"replies":[{"embeddable":true,"href":"https:\/\/felipsotomotiv.com\/index.php\/wp-json\/wp\/v2\/comments?post=615"}],"wp:featuredmedia":[{"embeddable":true,"href":"https:\/\/felipsotomotiv.com\/index.php\/wp-json\/wp\/v2\/media\/2025"}],"wp:attachment":[{"href":"https:\/\/felipsotomotiv.com\/index.php\/wp-json\/wp\/v2\/media?parent=615"}],"wp:term":[{"taxonomy":"product_cat","embeddable":true,"href":"https:\/\/felipsotomotiv.com\/index.php\/wp-json\/wp\/v2\/product_cat?post=615"},{"taxonomy":"product_tag","embeddable":true,"href":"https:\/\/felipsotomotiv.com\/index.php\/wp-json\/wp\/v2\/product_tag?post=615"}],"curies":[{"name":"wp","href":"https:\/\/api.w.org\/{rel}","templated":true}]}}