{"id":619,"date":"2024-04-21T15:17:06","date_gmt":"2024-04-21T12:17:06","guid":{"rendered":"http:\/\/felipsotomotiv.com\/?post_type=product&#038;p=619"},"modified":"2024-07-18T09:37:08","modified_gmt":"2024-07-18T06:37:08","slug":"far-sis-teli-kromu-fmn114","status":"publish","type":"product","link":"https:\/\/felipsotomotiv.com\/index.php\/urun\/far-sis-teli-kromu-fmn114\/","title":{"rendered":"FMN114 MAN \u0130\u00c7\u0130N FAR \u2013 S\u0130S TEL\u0130 KROMU TGA"},"content":{"rendered":"","protected":false},"excerpt":{"rendered":"<p>TGA<\/p>\n","protected":false},"featured_media":2028,"comment_status":"open","ping_status":"closed","template":"","meta":[],"product_cat":[35],"product_tag":[],"class_list":["post-619","product","type-product","status-publish","has-post-thumbnail","hentry","product_cat-tga-tgx-tgs-tgl"],"_links":{"self":[{"href":"https:\/\/felipsotomotiv.com\/index.php\/wp-json\/wp\/v3\/product\/619","targetHints":{"allow":["GET"]}}],"collection":[{"href":"https:\/\/felipsotomotiv.com\/index.php\/wp-json\/wp\/v3\/product"}],"about":[{"href":"https:\/\/felipsotomotiv.com\/index.php\/wp-json\/wp\/v2\/types\/product"}],"replies":[{"embeddable":true,"href":"https:\/\/felipsotomotiv.com\/index.php\/wp-json\/wp\/v2\/comments?post=619"}],"wp:featuredmedia":[{"embeddable":true,"href":"https:\/\/felipsotomotiv.com\/index.php\/wp-json\/wp\/v2\/media\/2028"}],"wp:attachment":[{"href":"https:\/\/felipsotomotiv.com\/index.php\/wp-json\/wp\/v2\/media?parent=619"}],"wp:term":[{"taxonomy":"product_cat","embeddable":true,"href":"https:\/\/felipsotomotiv.com\/index.php\/wp-json\/wp\/v2\/product_cat?post=619"},{"taxonomy":"product_tag","embeddable":true,"href":"https:\/\/felipsotomotiv.com\/index.php\/wp-json\/wp\/v2\/product_tag?post=619"}],"curies":[{"name":"wp","href":"https:\/\/api.w.org\/{rel}","templated":true}]}}