{"id":623,"date":"2024-04-21T15:18:27","date_gmt":"2024-04-21T12:18:27","guid":{"rendered":"http:\/\/felipsotomotiv.com\/?post_type=product&#038;p=623"},"modified":"2024-07-18T13:16:29","modified_gmt":"2024-07-18T10:16:29","slug":"yazili-kapi-kolu-kromu-fmn117","status":"publish","type":"product","link":"https:\/\/felipsotomotiv.com\/index.php\/urun\/yazili-kapi-kolu-kromu-fmn117\/","title":{"rendered":"FMN117 MAN \u0130\u00c7\u0130N YAZILI KAPI KOLU KROMU TGA\/TGX\/TGS\/TGL"},"content":{"rendered":"","protected":false},"excerpt":{"rendered":"<p>TGA-TGX-TGS-TGL<\/p>\n","protected":false},"featured_media":2032,"comment_status":"open","ping_status":"closed","template":"","meta":[],"product_cat":[35],"product_tag":[],"class_list":["post-623","product","type-product","status-publish","has-post-thumbnail","hentry","product_cat-tga-tgx-tgs-tgl"],"_links":{"self":[{"href":"https:\/\/felipsotomotiv.com\/index.php\/wp-json\/wp\/v3\/product\/623","targetHints":{"allow":["GET"]}}],"collection":[{"href":"https:\/\/felipsotomotiv.com\/index.php\/wp-json\/wp\/v3\/product"}],"about":[{"href":"https:\/\/felipsotomotiv.com\/index.php\/wp-json\/wp\/v2\/types\/product"}],"replies":[{"embeddable":true,"href":"https:\/\/felipsotomotiv.com\/index.php\/wp-json\/wp\/v2\/comments?post=623"}],"wp:featuredmedia":[{"embeddable":true,"href":"https:\/\/felipsotomotiv.com\/index.php\/wp-json\/wp\/v2\/media\/2032"}],"wp:attachment":[{"href":"https:\/\/felipsotomotiv.com\/index.php\/wp-json\/wp\/v2\/media?parent=623"}],"wp:term":[{"taxonomy":"product_cat","embeddable":true,"href":"https:\/\/felipsotomotiv.com\/index.php\/wp-json\/wp\/v2\/product_cat?post=623"},{"taxonomy":"product_tag","embeddable":true,"href":"https:\/\/felipsotomotiv.com\/index.php\/wp-json\/wp\/v2\/product_tag?post=623"}],"curies":[{"name":"wp","href":"https:\/\/api.w.org\/{rel}","templated":true}]}}