{"id":638,"date":"2024-04-21T15:22:49","date_gmt":"2024-04-21T12:22:49","guid":{"rendered":"http:\/\/felipsotomotiv.com\/?post_type=product&#038;p=638"},"modified":"2024-07-18T13:26:07","modified_gmt":"2024-07-18T10:26:07","slug":"kapi-seridi-kromu-fmn123","status":"publish","type":"product","link":"https:\/\/felipsotomotiv.com\/index.php\/urun\/kapi-seridi-kromu-fmn123\/","title":{"rendered":"FMN123 MAN \u0130\u00c7\u0130N KAPI \u015eER\u0130D\u0130 KROMU TGS\/TGX 2021+"},"content":{"rendered":"","protected":false},"excerpt":{"rendered":"<p>TGX 2021<\/p>\n","protected":false},"featured_media":2038,"comment_status":"open","ping_status":"closed","template":"","meta":[],"product_cat":[36],"product_tag":[],"class_list":["post-638","product","type-product","status-publish","has-post-thumbnail","hentry","product_cat-tgs-tgx-2021"],"_links":{"self":[{"href":"https:\/\/felipsotomotiv.com\/index.php\/wp-json\/wp\/v3\/product\/638","targetHints":{"allow":["GET"]}}],"collection":[{"href":"https:\/\/felipsotomotiv.com\/index.php\/wp-json\/wp\/v3\/product"}],"about":[{"href":"https:\/\/felipsotomotiv.com\/index.php\/wp-json\/wp\/v2\/types\/product"}],"replies":[{"embeddable":true,"href":"https:\/\/felipsotomotiv.com\/index.php\/wp-json\/wp\/v2\/comments?post=638"}],"wp:featuredmedia":[{"embeddable":true,"href":"https:\/\/felipsotomotiv.com\/index.php\/wp-json\/wp\/v2\/media\/2038"}],"wp:attachment":[{"href":"https:\/\/felipsotomotiv.com\/index.php\/wp-json\/wp\/v2\/media?parent=638"}],"wp:term":[{"taxonomy":"product_cat","embeddable":true,"href":"https:\/\/felipsotomotiv.com\/index.php\/wp-json\/wp\/v2\/product_cat?post=638"},{"taxonomy":"product_tag","embeddable":true,"href":"https:\/\/felipsotomotiv.com\/index.php\/wp-json\/wp\/v2\/product_tag?post=638"}],"curies":[{"name":"wp","href":"https:\/\/api.w.org\/{rel}","templated":true}]}}