{"id":642,"date":"2024-04-21T15:24:11","date_gmt":"2024-04-21T12:24:11","guid":{"rendered":"http:\/\/felipsotomotiv.com\/?post_type=product&#038;p=642"},"modified":"2024-07-18T13:34:17","modified_gmt":"2024-07-18T10:34:17","slug":"far-teli-kromu-fmn125","status":"publish","type":"product","link":"https:\/\/felipsotomotiv.com\/index.php\/urun\/far-teli-kromu-fmn125\/","title":{"rendered":"FMN125 MAN \u0130\u00c7\u0130N FAR TEL\u0130 KROMU TGS\/TGX 2021+"},"content":{"rendered":"","protected":false},"excerpt":{"rendered":"<p>TGX 2021<\/p>\n","protected":false},"featured_media":2041,"comment_status":"open","ping_status":"closed","template":"","meta":[],"product_cat":[36],"product_tag":[],"class_list":["post-642","product","type-product","status-publish","has-post-thumbnail","hentry","product_cat-tgs-tgx-2021"],"_links":{"self":[{"href":"https:\/\/felipsotomotiv.com\/index.php\/wp-json\/wp\/v3\/product\/642","targetHints":{"allow":["GET"]}}],"collection":[{"href":"https:\/\/felipsotomotiv.com\/index.php\/wp-json\/wp\/v3\/product"}],"about":[{"href":"https:\/\/felipsotomotiv.com\/index.php\/wp-json\/wp\/v2\/types\/product"}],"replies":[{"embeddable":true,"href":"https:\/\/felipsotomotiv.com\/index.php\/wp-json\/wp\/v2\/comments?post=642"}],"wp:featuredmedia":[{"embeddable":true,"href":"https:\/\/felipsotomotiv.com\/index.php\/wp-json\/wp\/v2\/media\/2041"}],"wp:attachment":[{"href":"https:\/\/felipsotomotiv.com\/index.php\/wp-json\/wp\/v2\/media?parent=642"}],"wp:term":[{"taxonomy":"product_cat","embeddable":true,"href":"https:\/\/felipsotomotiv.com\/index.php\/wp-json\/wp\/v2\/product_cat?post=642"},{"taxonomy":"product_tag","embeddable":true,"href":"https:\/\/felipsotomotiv.com\/index.php\/wp-json\/wp\/v2\/product_tag?post=642"}],"curies":[{"name":"wp","href":"https:\/\/api.w.org\/{rel}","templated":true}]}}