{"id":651,"date":"2024-04-21T15:26:30","date_gmt":"2024-04-21T12:26:30","guid":{"rendered":"http:\/\/felipsotomotiv.com\/?post_type=product&#038;p=651"},"modified":"2024-07-18T15:09:11","modified_gmt":"2024-07-18T12:09:11","slug":"sis-alti-cita-kromu-fmn129","status":"publish","type":"product","link":"https:\/\/felipsotomotiv.com\/index.php\/urun\/sis-alti-cita-kromu-fmn129\/","title":{"rendered":"FMN129 MAN \u0130\u00c7\u0130N S\u0130S ALTI \u00c7ITA KROMU TGS\/TGX 2021+"},"content":{"rendered":"","protected":false},"excerpt":{"rendered":"<p>TGX 2021<\/p>\n","protected":false},"featured_media":652,"comment_status":"open","ping_status":"closed","template":"","meta":[],"product_cat":[36],"product_tag":[],"class_list":["post-651","product","type-product","status-publish","has-post-thumbnail","hentry","product_cat-tgs-tgx-2021"],"_links":{"self":[{"href":"https:\/\/felipsotomotiv.com\/index.php\/wp-json\/wp\/v3\/product\/651","targetHints":{"allow":["GET"]}}],"collection":[{"href":"https:\/\/felipsotomotiv.com\/index.php\/wp-json\/wp\/v3\/product"}],"about":[{"href":"https:\/\/felipsotomotiv.com\/index.php\/wp-json\/wp\/v2\/types\/product"}],"replies":[{"embeddable":true,"href":"https:\/\/felipsotomotiv.com\/index.php\/wp-json\/wp\/v2\/comments?post=651"}],"wp:featuredmedia":[{"embeddable":true,"href":"https:\/\/felipsotomotiv.com\/index.php\/wp-json\/wp\/v2\/media\/652"}],"wp:attachment":[{"href":"https:\/\/felipsotomotiv.com\/index.php\/wp-json\/wp\/v2\/media?parent=651"}],"wp:term":[{"taxonomy":"product_cat","embeddable":true,"href":"https:\/\/felipsotomotiv.com\/index.php\/wp-json\/wp\/v2\/product_cat?post=651"},{"taxonomy":"product_tag","embeddable":true,"href":"https:\/\/felipsotomotiv.com\/index.php\/wp-json\/wp\/v2\/product_tag?post=651"}],"curies":[{"name":"wp","href":"https:\/\/api.w.org\/{rel}","templated":true}]}}