{"id":653,"date":"2024-04-21T15:26:58","date_gmt":"2024-04-21T12:26:58","guid":{"rendered":"http:\/\/felipsotomotiv.com\/?post_type=product&#038;p=653"},"modified":"2024-07-18T15:09:07","modified_gmt":"2024-07-18T12:09:07","slug":"sis-cerceve-kromu-fmn130","status":"publish","type":"product","link":"https:\/\/felipsotomotiv.com\/index.php\/urun\/sis-cerceve-kromu-fmn130\/","title":{"rendered":"FMN130 MAN \u0130\u00c7\u0130N S\u0130S \u00c7ER\u00c7EVE KROMU TGS\/TGX 2021+"},"content":{"rendered":"","protected":false},"excerpt":{"rendered":"<p>TGX 2021<\/p>\n","protected":false},"featured_media":2047,"comment_status":"open","ping_status":"closed","template":"","meta":[],"product_cat":[36],"product_tag":[],"class_list":["post-653","product","type-product","status-publish","has-post-thumbnail","hentry","product_cat-tgs-tgx-2021"],"_links":{"self":[{"href":"https:\/\/felipsotomotiv.com\/index.php\/wp-json\/wp\/v3\/product\/653","targetHints":{"allow":["GET"]}}],"collection":[{"href":"https:\/\/felipsotomotiv.com\/index.php\/wp-json\/wp\/v3\/product"}],"about":[{"href":"https:\/\/felipsotomotiv.com\/index.php\/wp-json\/wp\/v2\/types\/product"}],"replies":[{"embeddable":true,"href":"https:\/\/felipsotomotiv.com\/index.php\/wp-json\/wp\/v2\/comments?post=653"}],"wp:featuredmedia":[{"embeddable":true,"href":"https:\/\/felipsotomotiv.com\/index.php\/wp-json\/wp\/v2\/media\/2047"}],"wp:attachment":[{"href":"https:\/\/felipsotomotiv.com\/index.php\/wp-json\/wp\/v2\/media?parent=653"}],"wp:term":[{"taxonomy":"product_cat","embeddable":true,"href":"https:\/\/felipsotomotiv.com\/index.php\/wp-json\/wp\/v2\/product_cat?post=653"},{"taxonomy":"product_tag","embeddable":true,"href":"https:\/\/felipsotomotiv.com\/index.php\/wp-json\/wp\/v2\/product_tag?post=653"}],"curies":[{"name":"wp","href":"https:\/\/api.w.org\/{rel}","templated":true}]}}