{"id":657,"date":"2024-04-21T15:28:05","date_gmt":"2024-04-21T12:28:05","guid":{"rendered":"http:\/\/felipsotomotiv.com\/?post_type=product&#038;p=657"},"modified":"2024-07-18T15:09:00","modified_gmt":"2024-07-18T12:09:00","slug":"kapi-kolu-kromu-fmn132","status":"publish","type":"product","link":"https:\/\/felipsotomotiv.com\/index.php\/urun\/kapi-kolu-kromu-fmn132\/","title":{"rendered":"FMN132 MAN \u0130\u00c7\u0130N KAPI KOLU KROMU (PRESL\u0130) TGS\/TGX 2021+"},"content":{"rendered":"","protected":false},"excerpt":{"rendered":"<p>TGX 2021<\/p>\n","protected":false},"featured_media":2049,"comment_status":"open","ping_status":"closed","template":"","meta":[],"product_cat":[36],"product_tag":[],"class_list":["post-657","product","type-product","status-publish","has-post-thumbnail","hentry","product_cat-tgs-tgx-2021"],"_links":{"self":[{"href":"https:\/\/felipsotomotiv.com\/index.php\/wp-json\/wp\/v3\/product\/657","targetHints":{"allow":["GET"]}}],"collection":[{"href":"https:\/\/felipsotomotiv.com\/index.php\/wp-json\/wp\/v3\/product"}],"about":[{"href":"https:\/\/felipsotomotiv.com\/index.php\/wp-json\/wp\/v2\/types\/product"}],"replies":[{"embeddable":true,"href":"https:\/\/felipsotomotiv.com\/index.php\/wp-json\/wp\/v2\/comments?post=657"}],"wp:featuredmedia":[{"embeddable":true,"href":"https:\/\/felipsotomotiv.com\/index.php\/wp-json\/wp\/v2\/media\/2049"}],"wp:attachment":[{"href":"https:\/\/felipsotomotiv.com\/index.php\/wp-json\/wp\/v2\/media?parent=657"}],"wp:term":[{"taxonomy":"product_cat","embeddable":true,"href":"https:\/\/felipsotomotiv.com\/index.php\/wp-json\/wp\/v2\/product_cat?post=657"},{"taxonomy":"product_tag","embeddable":true,"href":"https:\/\/felipsotomotiv.com\/index.php\/wp-json\/wp\/v2\/product_tag?post=657"}],"curies":[{"name":"wp","href":"https:\/\/api.w.org\/{rel}","templated":true}]}}