{"id":674,"date":"2024-04-21T15:37:52","date_gmt":"2024-04-21T12:37:52","guid":{"rendered":"http:\/\/felipsotomotiv.com\/?post_type=product&#038;p=674"},"modified":"2024-07-19T08:34:45","modified_gmt":"2024-07-19T05:34:45","slug":"basamak-ici-kromu-fiv106","status":"publish","type":"product","link":"https:\/\/felipsotomotiv.com\/index.php\/urun\/basamak-ici-kromu-fiv106\/","title":{"rendered":"FIV106 IVECO \u0130\u00c7\u0130N BASAMAK \u0130\u00c7\u0130 KROMU STRALIS"},"content":{"rendered":"","protected":false},"excerpt":{"rendered":"<p>HI-WAY \/ STRALIS<\/p>\n","protected":false},"featured_media":2058,"comment_status":"open","ping_status":"closed","template":"","meta":[],"product_cat":[37],"product_tag":[],"class_list":["post-674","product","type-product","status-publish","has-post-thumbnail","hentry","product_cat-stralis"],"_links":{"self":[{"href":"https:\/\/felipsotomotiv.com\/index.php\/wp-json\/wp\/v3\/product\/674","targetHints":{"allow":["GET"]}}],"collection":[{"href":"https:\/\/felipsotomotiv.com\/index.php\/wp-json\/wp\/v3\/product"}],"about":[{"href":"https:\/\/felipsotomotiv.com\/index.php\/wp-json\/wp\/v2\/types\/product"}],"replies":[{"embeddable":true,"href":"https:\/\/felipsotomotiv.com\/index.php\/wp-json\/wp\/v2\/comments?post=674"}],"wp:featuredmedia":[{"embeddable":true,"href":"https:\/\/felipsotomotiv.com\/index.php\/wp-json\/wp\/v2\/media\/2058"}],"wp:attachment":[{"href":"https:\/\/felipsotomotiv.com\/index.php\/wp-json\/wp\/v2\/media?parent=674"}],"wp:term":[{"taxonomy":"product_cat","embeddable":true,"href":"https:\/\/felipsotomotiv.com\/index.php\/wp-json\/wp\/v2\/product_cat?post=674"},{"taxonomy":"product_tag","embeddable":true,"href":"https:\/\/felipsotomotiv.com\/index.php\/wp-json\/wp\/v2\/product_tag?post=674"}],"curies":[{"name":"wp","href":"https:\/\/api.w.org\/{rel}","templated":true}]}}