{"id":690,"date":"2024-04-21T15:39:50","date_gmt":"2024-04-21T12:39:50","guid":{"rendered":"http:\/\/felipsotomotiv.com\/?post_type=product&#038;p=690"},"modified":"2024-07-19T09:53:15","modified_gmt":"2024-07-19T06:53:15","slug":"kapi-kolu-kromu-fiv110","status":"publish","type":"product","link":"https:\/\/felipsotomotiv.com\/index.php\/urun\/kapi-kolu-kromu-fiv110\/","title":{"rendered":"FIV110 IVECO \u0130\u00c7\u0130N KAPI KOLU KROMU (PRESL\u0130) STRALIS"},"content":{"rendered":"","protected":false},"excerpt":{"rendered":"<p>HI-WAY \/ STRALIS<\/p>\n","protected":false},"featured_media":2062,"comment_status":"open","ping_status":"closed","template":"","meta":[],"product_cat":[37],"product_tag":[],"class_list":["post-690","product","type-product","status-publish","has-post-thumbnail","hentry","product_cat-stralis"],"_links":{"self":[{"href":"https:\/\/felipsotomotiv.com\/index.php\/wp-json\/wp\/v3\/product\/690","targetHints":{"allow":["GET"]}}],"collection":[{"href":"https:\/\/felipsotomotiv.com\/index.php\/wp-json\/wp\/v3\/product"}],"about":[{"href":"https:\/\/felipsotomotiv.com\/index.php\/wp-json\/wp\/v2\/types\/product"}],"replies":[{"embeddable":true,"href":"https:\/\/felipsotomotiv.com\/index.php\/wp-json\/wp\/v2\/comments?post=690"}],"wp:featuredmedia":[{"embeddable":true,"href":"https:\/\/felipsotomotiv.com\/index.php\/wp-json\/wp\/v2\/media\/2062"}],"wp:attachment":[{"href":"https:\/\/felipsotomotiv.com\/index.php\/wp-json\/wp\/v2\/media?parent=690"}],"wp:term":[{"taxonomy":"product_cat","embeddable":true,"href":"https:\/\/felipsotomotiv.com\/index.php\/wp-json\/wp\/v2\/product_cat?post=690"},{"taxonomy":"product_tag","embeddable":true,"href":"https:\/\/felipsotomotiv.com\/index.php\/wp-json\/wp\/v2\/product_tag?post=690"}],"curies":[{"name":"wp","href":"https:\/\/api.w.org\/{rel}","templated":true}]}}