{"id":697,"date":"2024-04-21T15:40:46","date_gmt":"2024-04-21T12:40:46","guid":{"rendered":"http:\/\/felipsotomotiv.com\/?post_type=product&#038;p=697"},"modified":"2024-07-08T15:33:02","modified_gmt":"2024-07-08T12:33:02","slug":"panjur-ustu-bulut-yazi-kromu-fvo106","status":"publish","type":"product","link":"https:\/\/felipsotomotiv.com\/index.php\/urun\/panjur-ustu-bulut-yazi-kromu-fvo106\/","title":{"rendered":"FVO106 VOLVO \u0130\u00c7\u0130N PANJUR \u00dcST\u00dc BULUT YAZI KROMU  FH2\/FH3"},"content":{"rendered":"","protected":false},"excerpt":{"rendered":"","protected":false},"featured_media":1784,"comment_status":"open","ping_status":"closed","template":"","meta":[],"product_cat":[27],"product_tag":[],"class_list":["post-697","product","type-product","status-publish","has-post-thumbnail","hentry","product_cat-fh2-fh3"],"_links":{"self":[{"href":"https:\/\/felipsotomotiv.com\/index.php\/wp-json\/wp\/v3\/product\/697","targetHints":{"allow":["GET"]}}],"collection":[{"href":"https:\/\/felipsotomotiv.com\/index.php\/wp-json\/wp\/v3\/product"}],"about":[{"href":"https:\/\/felipsotomotiv.com\/index.php\/wp-json\/wp\/v2\/types\/product"}],"replies":[{"embeddable":true,"href":"https:\/\/felipsotomotiv.com\/index.php\/wp-json\/wp\/v2\/comments?post=697"}],"wp:featuredmedia":[{"embeddable":true,"href":"https:\/\/felipsotomotiv.com\/index.php\/wp-json\/wp\/v2\/media\/1784"}],"wp:attachment":[{"href":"https:\/\/felipsotomotiv.com\/index.php\/wp-json\/wp\/v2\/media?parent=697"}],"wp:term":[{"taxonomy":"product_cat","embeddable":true,"href":"https:\/\/felipsotomotiv.com\/index.php\/wp-json\/wp\/v2\/product_cat?post=697"},{"taxonomy":"product_tag","embeddable":true,"href":"https:\/\/felipsotomotiv.com\/index.php\/wp-json\/wp\/v2\/product_tag?post=697"}],"curies":[{"name":"wp","href":"https:\/\/api.w.org\/{rel}","templated":true}]}}