{"id":701,"date":"2024-04-21T15:41:37","date_gmt":"2024-04-21T12:41:37","guid":{"rendered":"http:\/\/felipsotomotiv.com\/?post_type=product&#038;p=701"},"modified":"2024-07-19T10:42:16","modified_gmt":"2024-07-19T07:42:16","slug":"panjur-ortasi-kromu-fiv113","status":"publish","type":"product","link":"https:\/\/felipsotomotiv.com\/index.php\/urun\/panjur-ortasi-kromu-fiv113\/","title":{"rendered":"FIV113 IVECO \u0130\u00c7\u0130N PANJUR ORTASI KROMU (PRESL\u0130) STRALIS"},"content":{"rendered":"","protected":false},"excerpt":{"rendered":"<p>HI-WAY<\/p>\n","protected":false},"featured_media":2065,"comment_status":"open","ping_status":"closed","template":"","meta":[],"product_cat":[37],"product_tag":[],"class_list":["post-701","product","type-product","status-publish","has-post-thumbnail","hentry","product_cat-stralis"],"_links":{"self":[{"href":"https:\/\/felipsotomotiv.com\/index.php\/wp-json\/wp\/v3\/product\/701","targetHints":{"allow":["GET"]}}],"collection":[{"href":"https:\/\/felipsotomotiv.com\/index.php\/wp-json\/wp\/v3\/product"}],"about":[{"href":"https:\/\/felipsotomotiv.com\/index.php\/wp-json\/wp\/v2\/types\/product"}],"replies":[{"embeddable":true,"href":"https:\/\/felipsotomotiv.com\/index.php\/wp-json\/wp\/v2\/comments?post=701"}],"wp:featuredmedia":[{"embeddable":true,"href":"https:\/\/felipsotomotiv.com\/index.php\/wp-json\/wp\/v2\/media\/2065"}],"wp:attachment":[{"href":"https:\/\/felipsotomotiv.com\/index.php\/wp-json\/wp\/v2\/media?parent=701"}],"wp:term":[{"taxonomy":"product_cat","embeddable":true,"href":"https:\/\/felipsotomotiv.com\/index.php\/wp-json\/wp\/v2\/product_cat?post=701"},{"taxonomy":"product_tag","embeddable":true,"href":"https:\/\/felipsotomotiv.com\/index.php\/wp-json\/wp\/v2\/product_tag?post=701"}],"curies":[{"name":"wp","href":"https:\/\/api.w.org\/{rel}","templated":true}]}}