{"id":738,"date":"2024-04-21T15:46:52","date_gmt":"2024-04-21T12:46:52","guid":{"rendered":"http:\/\/felipsotomotiv.com\/?post_type=product&#038;p=738"},"modified":"2024-07-19T10:52:06","modified_gmt":"2024-07-19T07:52:06","slug":"kapi-diregi-kromu-fiv155","status":"publish","type":"product","link":"https:\/\/felipsotomotiv.com\/index.php\/urun\/kapi-diregi-kromu-fiv155\/","title":{"rendered":"FIV155 IVECO \u0130\u00c7\u0130N KAPI D\u0130RE\u011e\u0130 KROMU S-WAY"},"content":{"rendered":"","protected":false},"excerpt":{"rendered":"<p>S-WAY<\/p>\n","protected":false},"featured_media":2075,"comment_status":"open","ping_status":"closed","template":"","meta":[],"product_cat":[38],"product_tag":[],"class_list":["post-738","product","type-product","status-publish","has-post-thumbnail","hentry","product_cat-s-way"],"_links":{"self":[{"href":"https:\/\/felipsotomotiv.com\/index.php\/wp-json\/wp\/v3\/product\/738","targetHints":{"allow":["GET"]}}],"collection":[{"href":"https:\/\/felipsotomotiv.com\/index.php\/wp-json\/wp\/v3\/product"}],"about":[{"href":"https:\/\/felipsotomotiv.com\/index.php\/wp-json\/wp\/v2\/types\/product"}],"replies":[{"embeddable":true,"href":"https:\/\/felipsotomotiv.com\/index.php\/wp-json\/wp\/v2\/comments?post=738"}],"wp:featuredmedia":[{"embeddable":true,"href":"https:\/\/felipsotomotiv.com\/index.php\/wp-json\/wp\/v2\/media\/2075"}],"wp:attachment":[{"href":"https:\/\/felipsotomotiv.com\/index.php\/wp-json\/wp\/v2\/media?parent=738"}],"wp:term":[{"taxonomy":"product_cat","embeddable":true,"href":"https:\/\/felipsotomotiv.com\/index.php\/wp-json\/wp\/v2\/product_cat?post=738"},{"taxonomy":"product_tag","embeddable":true,"href":"https:\/\/felipsotomotiv.com\/index.php\/wp-json\/wp\/v2\/product_tag?post=738"}],"curies":[{"name":"wp","href":"https:\/\/api.w.org\/{rel}","templated":true}]}}