{"id":741,"date":"2024-04-21T15:47:22","date_gmt":"2024-04-21T12:47:22","guid":{"rendered":"http:\/\/felipsotomotiv.com\/?post_type=product&#038;p=741"},"modified":"2024-07-19T10:52:04","modified_gmt":"2024-07-19T07:52:04","slug":"cam-onu-duzluk-kromu-fiv156","status":"publish","type":"product","link":"https:\/\/felipsotomotiv.com\/index.php\/urun\/cam-onu-duzluk-kromu-fiv156\/","title":{"rendered":"FIV156 IVECO \u0130\u00c7\u0130N CAM \u00d6N\u00dc D\u00dcZL\u00dcK KROMU S-WAY"},"content":{"rendered":"","protected":false},"excerpt":{"rendered":"<p>S-WAY<\/p>\n","protected":false},"featured_media":2076,"comment_status":"open","ping_status":"closed","template":"","meta":[],"product_cat":[38],"product_tag":[],"class_list":["post-741","product","type-product","status-publish","has-post-thumbnail","hentry","product_cat-s-way"],"_links":{"self":[{"href":"https:\/\/felipsotomotiv.com\/index.php\/wp-json\/wp\/v3\/product\/741","targetHints":{"allow":["GET"]}}],"collection":[{"href":"https:\/\/felipsotomotiv.com\/index.php\/wp-json\/wp\/v3\/product"}],"about":[{"href":"https:\/\/felipsotomotiv.com\/index.php\/wp-json\/wp\/v2\/types\/product"}],"replies":[{"embeddable":true,"href":"https:\/\/felipsotomotiv.com\/index.php\/wp-json\/wp\/v2\/comments?post=741"}],"wp:featuredmedia":[{"embeddable":true,"href":"https:\/\/felipsotomotiv.com\/index.php\/wp-json\/wp\/v2\/media\/2076"}],"wp:attachment":[{"href":"https:\/\/felipsotomotiv.com\/index.php\/wp-json\/wp\/v2\/media?parent=741"}],"wp:term":[{"taxonomy":"product_cat","embeddable":true,"href":"https:\/\/felipsotomotiv.com\/index.php\/wp-json\/wp\/v2\/product_cat?post=741"},{"taxonomy":"product_tag","embeddable":true,"href":"https:\/\/felipsotomotiv.com\/index.php\/wp-json\/wp\/v2\/product_tag?post=741"}],"curies":[{"name":"wp","href":"https:\/\/api.w.org\/{rel}","templated":true}]}}