{"id":743,"date":"2024-04-21T15:47:41","date_gmt":"2024-04-21T12:47:41","guid":{"rendered":"http:\/\/felipsotomotiv.com\/?post_type=product&#038;p=743"},"modified":"2024-07-08T16:21:04","modified_gmt":"2024-07-08T13:21:04","slug":"far-etrafi-kromu-fvo115","status":"publish","type":"product","link":"https:\/\/felipsotomotiv.com\/index.php\/urun\/far-etrafi-kromu-fvo115\/","title":{"rendered":"FVO115 VOLVO \u0130\u00c7\u0130N FAR ETRAFI KROMU FH2\/FH3"},"content":{"rendered":"","protected":false},"excerpt":{"rendered":"","protected":false},"featured_media":1791,"comment_status":"open","ping_status":"closed","template":"","meta":[],"product_cat":[27],"product_tag":[],"class_list":["post-743","product","type-product","status-publish","has-post-thumbnail","hentry","product_cat-fh2-fh3"],"_links":{"self":[{"href":"https:\/\/felipsotomotiv.com\/index.php\/wp-json\/wp\/v3\/product\/743","targetHints":{"allow":["GET"]}}],"collection":[{"href":"https:\/\/felipsotomotiv.com\/index.php\/wp-json\/wp\/v3\/product"}],"about":[{"href":"https:\/\/felipsotomotiv.com\/index.php\/wp-json\/wp\/v2\/types\/product"}],"replies":[{"embeddable":true,"href":"https:\/\/felipsotomotiv.com\/index.php\/wp-json\/wp\/v2\/comments?post=743"}],"wp:featuredmedia":[{"embeddable":true,"href":"https:\/\/felipsotomotiv.com\/index.php\/wp-json\/wp\/v2\/media\/1791"}],"wp:attachment":[{"href":"https:\/\/felipsotomotiv.com\/index.php\/wp-json\/wp\/v2\/media?parent=743"}],"wp:term":[{"taxonomy":"product_cat","embeddable":true,"href":"https:\/\/felipsotomotiv.com\/index.php\/wp-json\/wp\/v2\/product_cat?post=743"},{"taxonomy":"product_tag","embeddable":true,"href":"https:\/\/felipsotomotiv.com\/index.php\/wp-json\/wp\/v2\/product_tag?post=743"}],"curies":[{"name":"wp","href":"https:\/\/api.w.org\/{rel}","templated":true}]}}