{"id":749,"date":"2024-04-21T15:48:34","date_gmt":"2024-04-21T12:48:34","guid":{"rendered":"http:\/\/felipsotomotiv.com\/?post_type=product&#038;p=749"},"modified":"2024-07-08T16:21:01","modified_gmt":"2024-07-08T13:21:01","slug":"silecek-kromu-fvo116","status":"publish","type":"product","link":"https:\/\/felipsotomotiv.com\/index.php\/urun\/silecek-kromu-fvo116\/","title":{"rendered":"FVO116 VOLVO \u0130\u00c7\u0130N S\u0130LECEK KROMU FH2\/FH3"},"content":{"rendered":"","protected":false},"excerpt":{"rendered":"","protected":false},"featured_media":1792,"comment_status":"open","ping_status":"closed","template":"","meta":[],"product_cat":[27],"product_tag":[],"class_list":["post-749","product","type-product","status-publish","has-post-thumbnail","hentry","product_cat-fh2-fh3"],"_links":{"self":[{"href":"https:\/\/felipsotomotiv.com\/index.php\/wp-json\/wp\/v3\/product\/749","targetHints":{"allow":["GET"]}}],"collection":[{"href":"https:\/\/felipsotomotiv.com\/index.php\/wp-json\/wp\/v3\/product"}],"about":[{"href":"https:\/\/felipsotomotiv.com\/index.php\/wp-json\/wp\/v2\/types\/product"}],"replies":[{"embeddable":true,"href":"https:\/\/felipsotomotiv.com\/index.php\/wp-json\/wp\/v2\/comments?post=749"}],"wp:featuredmedia":[{"embeddable":true,"href":"https:\/\/felipsotomotiv.com\/index.php\/wp-json\/wp\/v2\/media\/1792"}],"wp:attachment":[{"href":"https:\/\/felipsotomotiv.com\/index.php\/wp-json\/wp\/v2\/media?parent=749"}],"wp:term":[{"taxonomy":"product_cat","embeddable":true,"href":"https:\/\/felipsotomotiv.com\/index.php\/wp-json\/wp\/v2\/product_cat?post=749"},{"taxonomy":"product_tag","embeddable":true,"href":"https:\/\/felipsotomotiv.com\/index.php\/wp-json\/wp\/v2\/product_tag?post=749"}],"curies":[{"name":"wp","href":"https:\/\/api.w.org\/{rel}","templated":true}]}}